{"id":8131,"date":"2024-03-29T18:30:28","date_gmt":"2024-03-29T18:30:28","guid":{"rendered":"https:\/\/monpsychomag.com\/?post_type=product&#038;p=8131"},"modified":"2024-11-10T21:30:13","modified_gmt":"2024-11-10T21:30:13","slug":"resultat-test-de-stress-au-travail","status":"publish","type":"product","link":"https:\/\/monpsychomag.com\/index.php\/produit\/resultat-test-de-stress-au-travail\/","title":{"rendered":"R\u00e9sultat test de stress au travail"},"content":{"rendered":"<div class=\"db567aefa9b9073415b194386f2f1045\" data-index=\"3\" style=\"float: none; margin:0px 0 0px 0; text-align:center;\">\n<!-- Code \u00e0 placer \u00e0 l'endroit ou vous voulez afficher les publicit\u00e9s -->\r\n<div id=\"afrikad-slot-1741-p-1\"\r\n     data-afrikad\r\n     data-slot-id=\"1741\" \r\n     data-dynamic-countries=\"tg\"\r\n     style=\"margin: auto; width: 300px; height: 275px;\"><\/div>\r\n\r\n<!-- Code \u00e0 placer de pr\u00e9ference une seule fois en bas de page -->\r\n<script>\r\n    (function (d) {\r\n        if (window.afrikadInit == null) {\r\n            window.afrikadInit = function (sdk) {\r\n                sdk.autoload();\r\n            };\r\n        }\r\n\r\n        var js, ajs = d.getElementsByTagName('script')[0];\r\n        if (d.getElementById('afrikad-sdk')) {\r\n            return;\r\n        }\r\n        js = d.createElement('script');\r\n        js.id = \"afrikad-sdk\";\r\n        js.src = \"https:\/\/www.afrikad.com\/build\/latest\/js\/sdk.js\";\r\n        ajs.parentNode.insertBefore(js, ajs);\r\n    }(document));\r\n<\/script>\n<\/div>\n<p>Notre Test de Stress au Travail est un outil puissant con\u00e7u pour \u00e9valuer et comprendre les niveaux de stress au sein de votre environnement professionnel. Con\u00e7u par des experts en psychologie du travail, ce test vous permettra d&rsquo;identifier les facteurs de stress sp\u00e9cifiques, les d\u00e9clencheurs potentiels et les r\u00e9actions \u00e9motionnelles des employ\u00e9s face aux pressions professionnelles.<\/p>\n<p>En utilisant une combinaison de questions cibl\u00e9es et de mesures psychom\u00e9triques valid\u00e9es, notre test offre une \u00e9valuation compl\u00e8te du stress au travail, permettant aux entreprises de prendre des mesures proactives pour promouvoir un environnement de travail sain et productif.<\/p>\n<p><strong>Caract\u00e9ristiques du Produit :<\/strong><\/p><div class=\"db567aefa9b9073415b194386f2f1045\" data-index=\"3\" style=\"float: none; margin:0px 0 0px 0; text-align:center;\">\n<!-- Code \u00e0 placer \u00e0 l'endroit ou vous voulez afficher les publicit\u00e9s -->\r\n<div id=\"afrikad-slot-1741-p-1\"\r\n     data-afrikad\r\n     data-slot-id=\"1741\" \r\n     data-dynamic-countries=\"tg\"\r\n     style=\"margin: auto; width: 300px; height: 275px;\"><\/div>\r\n\r\n<!-- Code \u00e0 placer de pr\u00e9ference une seule fois en bas de page -->\r\n<script>\r\n    (function (d) {\r\n        if (window.afrikadInit == null) {\r\n            window.afrikadInit = function (sdk) {\r\n                sdk.autoload();\r\n            };\r\n        }\r\n\r\n        var js, ajs = d.getElementsByTagName('script')[0];\r\n        if (d.getElementById('afrikad-sdk')) {\r\n            return;\r\n        }\r\n        js = d.createElement('script');\r\n        js.id = \"afrikad-sdk\";\r\n        js.src = \"https:\/\/www.afrikad.com\/build\/latest\/js\/sdk.js\";\r\n        ajs.parentNode.insertBefore(js, ajs);\r\n    }(document));\r\n<\/script>\n<\/div>\n\n<ul>\n<li>\u00c9valuation compl\u00e8te des niveaux de stress au travail.<\/li>\n<li>Identification des facteurs de stress sp\u00e9cifiques et des d\u00e9clencheurs potentiels.<\/li>\n<li>Mesures psychom\u00e9triques valid\u00e9es pour une \u00e9valuation pr\u00e9cise.<\/li>\n<li>Rapports d\u00e9taill\u00e9s fournissant des recommandations pour la gestion du stress.<\/li>\n<li>Adapt\u00e9 \u00e0 une utilisation individuelle ou collective.<\/li>\n<\/ul>\n<p>Que vous soyez un employeur soucieux du bien-\u00eatre de votre personnel ou un professionnel de la sant\u00e9 mentale cherchant \u00e0 soutenir vos clients, notre Test de Stress au Travail est l&rsquo;outil id\u00e9al pour comprendre et g\u00e9rer efficacement le stress dans le milieu professionnel.<\/p>\n<p>Prenez d\u00e8s aujourd&rsquo;hui des mesures pour cr\u00e9er un environnement de travail plus sain et plus \u00e9panouissant pour tous.<\/p>\n\n<div style=\"font-size: 0px; height: 0px; line-height: 0px; margin: 0; padding: 0; clear: both;\"><\/div>","protected":false},"excerpt":{"rendered":"<p>Notre Test de Stress au Travail est un outil essentiel pour \u00e9valuer les niveaux de stress dans votre environnement professionnel. Con\u00e7u par des experts en psychologie du travail, il identifie les facteurs de stress et fournit des recommandations pour favoriser un milieu de travail sain et productif. Identifiez et g\u00e9rez le stress d\u00e8s aujourd&rsquo;hui pour un bien-\u00eatre professionnel optimal. Cliquez sur ajouter au panier pour continuer.<\/p>\n<p>Tel : 002228 96 48 63 95<\/p>\n","protected":false},"featured_media":4131,"comment_status":"open","ping_status":"closed","template":"","meta":{"jetpack_post_was_ever_published":false,"jetpack_publicize_message":"","jetpack_publicize_feature_enabled":true,"jetpack_social_post_already_shared":true,"jetpack_social_options":{"image_generator_settings":{"template":"highway","default_image_id":0,"font":"","enabled":false},"version":2}},"product_brand":[],"product_cat":[1392],"product_tag":[1401,1398],"class_list":{"0":"post-8131","1":"product","2":"type-product","3":"status-publish","4":"has-post-thumbnail","6":"product_cat-resultats-tests","7":"product_tag-stress","8":"product_tag-test","10":"first","11":"instock","12":"sale","13":"downloadable","14":"shipping-taxable","15":"purchasable","16":"product-type-simple"},"jetpack_publicize_connections":[],"jetpack_sharing_enabled":true,"jetpack_likes_enabled":true,"_links":{"self":[{"href":"https:\/\/monpsychomag.com\/index.php\/wp-json\/wp\/v2\/product\/8131","targetHints":{"allow":["GET"]}}],"collection":[{"href":"https:\/\/monpsychomag.com\/index.php\/wp-json\/wp\/v2\/product"}],"about":[{"href":"https:\/\/monpsychomag.com\/index.php\/wp-json\/wp\/v2\/types\/product"}],"replies":[{"embeddable":true,"href":"https:\/\/monpsychomag.com\/index.php\/wp-json\/wp\/v2\/comments?post=8131"}],"wp:featuredmedia":[{"embeddable":true,"href":"https:\/\/monpsychomag.com\/index.php\/wp-json\/wp\/v2\/media\/4131"}],"wp:attachment":[{"href":"https:\/\/monpsychomag.com\/index.php\/wp-json\/wp\/v2\/media?parent=8131"}],"wp:term":[{"taxonomy":"product_brand","embeddable":true,"href":"https:\/\/monpsychomag.com\/index.php\/wp-json\/wp\/v2\/product_brand?post=8131"},{"taxonomy":"product_cat","embeddable":true,"href":"https:\/\/monpsychomag.com\/index.php\/wp-json\/wp\/v2\/product_cat?post=8131"},{"taxonomy":"product_tag","embeddable":true,"href":"https:\/\/monpsychomag.com\/index.php\/wp-json\/wp\/v2\/product_tag?post=8131"}],"curies":[{"name":"wp","href":"https:\/\/api.w.org\/{rel}","templated":true}]}}