{"id":8123,"date":"2024-03-22T14:55:32","date_gmt":"2024-03-22T14:55:32","guid":{"rendered":"https:\/\/monpsychomag.com\/?post_type=product&#038;p=8123"},"modified":"2024-03-22T14:58:18","modified_gmt":"2024-03-22T14:58:18","slug":"resultat-au-test-de-preference-cerebrale","status":"publish","type":"product","link":"https:\/\/monpsychomag.com\/index.php\/produit\/resultat-au-test-de-preference-cerebrale\/","title":{"rendered":"R\u00e9sultat au test de pr\u00e9f\u00e9rence c\u00e9r\u00e9brale"},"content":{"rendered":"<div class=\"db567aefa9b9073415b194386f2f1045\" data-index=\"3\" style=\"float: none; margin:0px 0 0px 0; text-align:center;\">\n<!-- Code \u00e0 placer \u00e0 l'endroit ou vous voulez afficher les publicit\u00e9s -->\r\n<div id=\"afrikad-slot-1741-p-1\"\r\n     data-afrikad\r\n     data-slot-id=\"1741\" \r\n     data-dynamic-countries=\"tg\"\r\n     style=\"margin: auto; width: 300px; height: 275px;\"><\/div>\r\n\r\n<!-- Code \u00e0 placer de pr\u00e9ference une seule fois en bas de page -->\r\n<script>\r\n    (function (d) {\r\n        if (window.afrikadInit == null) {\r\n            window.afrikadInit = function (sdk) {\r\n                sdk.autoload();\r\n            };\r\n        }\r\n\r\n        var js, ajs = d.getElementsByTagName('script')[0];\r\n        if (d.getElementById('afrikad-sdk')) {\r\n            return;\r\n        }\r\n        js = d.createElement('script');\r\n        js.id = \"afrikad-sdk\";\r\n        js.src = \"https:\/\/www.afrikad.com\/build\/latest\/js\/sdk.js\";\r\n        ajs.parentNode.insertBefore(js, ajs);\r\n    }(document));\r\n<\/script>\n<\/div>\n<p><strong>Interpr\u00e9tation du score obtenu au test de pr\u00e9f\u00e9rence c\u00e9r\u00e9brale<\/strong><\/p>\n<p><strong>D\u00e9couvrez votre profil cognitif unique :<\/strong><\/p>\n<p>Le test de pr\u00e9f\u00e9rence c\u00e9r\u00e9brale est un outil puissant con\u00e7u pour vous aider \u00e0 mieux comprendre votre fonctionnement cognitif individuel. En analysant vos r\u00e9ponses \u00e0 une s\u00e9rie de questions soigneusement \u00e9labor\u00e9es, ce test identifie vos pr\u00e9f\u00e9rences et vos forces mentales dans diff\u00e9rents domaines de pens\u00e9e.<\/p>\n<p><strong>Un rapport personnalis\u00e9 d\u00e9taill\u00e9 :<\/strong><\/p>\n<p>Avec l&rsquo;achat de ce produit, vous recevrez un rapport personnalis\u00e9 complet qui interpr\u00e8te votre score au test de pr\u00e9f\u00e9rence c\u00e9r\u00e9brale. Notre \u00e9quipe d&rsquo;experts a \u00e9labor\u00e9 ce rapport en utilisant les derni\u00e8res recherches en neurosciences et en psychologie cognitive pour vous fournir des insights pr\u00e9cieux sur votre mode de pens\u00e9e pr\u00e9dominant, vos forces intellectuelles et vos domaines de d\u00e9veloppement.<\/p>\n<p><strong>Explorez vos pr\u00e9f\u00e9rences c\u00e9r\u00e9brales :<\/strong><\/p><div class=\"db567aefa9b9073415b194386f2f1045\" data-index=\"3\" style=\"float: none; margin:0px 0 0px 0; text-align:center;\">\n<!-- Code \u00e0 placer \u00e0 l'endroit ou vous voulez afficher les publicit\u00e9s -->\r\n<div id=\"afrikad-slot-1741-p-1\"\r\n     data-afrikad\r\n     data-slot-id=\"1741\" \r\n     data-dynamic-countries=\"tg\"\r\n     style=\"margin: auto; width: 300px; height: 275px;\"><\/div>\r\n\r\n<!-- Code \u00e0 placer de pr\u00e9ference une seule fois en bas de page -->\r\n<script>\r\n    (function (d) {\r\n        if (window.afrikadInit == null) {\r\n            window.afrikadInit = function (sdk) {\r\n                sdk.autoload();\r\n            };\r\n        }\r\n\r\n        var js, ajs = d.getElementsByTagName('script')[0];\r\n        if (d.getElementById('afrikad-sdk')) {\r\n            return;\r\n        }\r\n        js = d.createElement('script');\r\n        js.id = \"afrikad-sdk\";\r\n        js.src = \"https:\/\/www.afrikad.com\/build\/latest\/js\/sdk.js\";\r\n        ajs.parentNode.insertBefore(js, ajs);\r\n    }(document));\r\n<\/script>\n<\/div>\n\n<p>D\u00e9couvrez si vous \u00eates plut\u00f4t un penseur analytique ou holistique, visuel ou verbal, rationnel ou intuitif. Notre rapport examine en d\u00e9tail les diff\u00e9rentes dimensions de la cognition humaine, y compris la fa\u00e7on dont vous traitez l&rsquo;information, prenez des d\u00e9cisions, r\u00e9solvez des probl\u00e8mes et communiquez avec les autres.<\/p>\n<p><strong>Des conseils pratiques pour votre d\u00e9veloppement personnel et professionnel :<\/strong><\/p>\n<p>En comprenant mieux votre profil cognitif, vous pourrez exploiter vos talents naturels et travailler sur les aspects que vous souhaitez am\u00e9liorer. Notre rapport comprend des conseils pratiques et des recommandations personnalis\u00e9es pour vous aider \u00e0 maximiser votre potentiel dans tous les aspects de votre vie, que ce soit sur le plan acad\u00e9mique, professionnel ou personnel.<\/p>\n<p><strong>Pourquoi choisir notre test de pr\u00e9f\u00e9rence c\u00e9r\u00e9brale :<\/strong><\/p>\n<ul>\n<li>Bas\u00e9 sur des recherches scientifiques solides<\/li>\n<li>Rapport personnalis\u00e9 d\u00e9taill\u00e9<\/li>\n<li>Insights pr\u00e9cieux pour le d\u00e9veloppement personnel et professionnel<\/li>\n<li>Facile \u00e0 utiliser et \u00e0 comprendre<\/li>\n<li>Confidentialit\u00e9 et s\u00e9curit\u00e9 de vos donn\u00e9es garanties<\/li>\n<\/ul>\n<p><strong>Commandez d\u00e8s maintenant et d\u00e9bloquez le potentiel cach\u00e9 de votre cerveau !<\/strong><\/p>\n\n<div style=\"font-size: 0px; height: 0px; line-height: 0px; margin: 0; padding: 0; clear: both;\"><\/div>","protected":false},"excerpt":{"rendered":"<p><strong>Interpr\u00e9tation du score au test de pr\u00e9f\u00e9rence c\u00e9r\u00e9brale :<\/strong><\/p>\n<p>D\u00e9couvrez votre profil cognitif unique et obtenez des conseils pratiques pour maximiser votre potentiel personnel et professionnel. Cliquez sur <strong>ajouter<\/strong> au panier pour commander votre r\u00e9sultat<\/p>\n","protected":false},"featured_media":7208,"comment_status":"open","ping_status":"closed","template":"","meta":{"jetpack_post_was_ever_published":false,"jetpack_publicize_message":"","jetpack_publicize_feature_enabled":true,"jetpack_social_post_already_shared":true,"jetpack_social_options":{"image_generator_settings":{"template":"highway","default_image_id":0,"font":"","enabled":false},"version":2}},"product_brand":[],"product_cat":[1394,1397],"product_tag":[1400,1398],"class_list":{"0":"post-8123","1":"product","2":"type-product","3":"status-publish","4":"has-post-thumbnail","6":"product_cat-test-dorientation","7":"product_cat-test-de-connaissance-de-soi","8":"product_tag-psychologue","9":"product_tag-test","11":"first","12":"instock","13":"sale","14":"downloadable","15":"shipping-taxable","16":"purchasable","17":"product-type-simple"},"jetpack_publicize_connections":[],"jetpack_sharing_enabled":true,"jetpack_likes_enabled":true,"_links":{"self":[{"href":"https:\/\/monpsychomag.com\/index.php\/wp-json\/wp\/v2\/product\/8123","targetHints":{"allow":["GET"]}}],"collection":[{"href":"https:\/\/monpsychomag.com\/index.php\/wp-json\/wp\/v2\/product"}],"about":[{"href":"https:\/\/monpsychomag.com\/index.php\/wp-json\/wp\/v2\/types\/product"}],"replies":[{"embeddable":true,"href":"https:\/\/monpsychomag.com\/index.php\/wp-json\/wp\/v2\/comments?post=8123"}],"wp:featuredmedia":[{"embeddable":true,"href":"https:\/\/monpsychomag.com\/index.php\/wp-json\/wp\/v2\/media\/7208"}],"wp:attachment":[{"href":"https:\/\/monpsychomag.com\/index.php\/wp-json\/wp\/v2\/media?parent=8123"}],"wp:term":[{"taxonomy":"product_brand","embeddable":true,"href":"https:\/\/monpsychomag.com\/index.php\/wp-json\/wp\/v2\/product_brand?post=8123"},{"taxonomy":"product_cat","embeddable":true,"href":"https:\/\/monpsychomag.com\/index.php\/wp-json\/wp\/v2\/product_cat?post=8123"},{"taxonomy":"product_tag","embeddable":true,"href":"https:\/\/monpsychomag.com\/index.php\/wp-json\/wp\/v2\/product_tag?post=8123"}],"curies":[{"name":"wp","href":"https:\/\/api.w.org\/{rel}","templated":true}]}}