{"id":8017,"date":"2024-03-05T16:41:22","date_gmt":"2024-03-05T16:41:22","guid":{"rendered":"https:\/\/monpsychomag.com\/?post_type=product&#038;p=8017"},"modified":"2024-03-30T13:43:08","modified_gmt":"2024-03-30T13:43:08","slug":"resultat-de-test-daddiction-a-linternet","status":"publish","type":"product","link":"https:\/\/monpsychomag.com\/index.php\/produit\/resultat-de-test-daddiction-a-linternet\/","title":{"rendered":"R\u00e9sultat de test d&rsquo;addiction \u00e0 l&rsquo;internet"},"content":{"rendered":"<div class=\"db567aefa9b9073415b194386f2f1045\" data-index=\"3\" style=\"float: none; margin:0px 0 0px 0; text-align:center;\">\n<!-- Code \u00e0 placer \u00e0 l'endroit ou vous voulez afficher les publicit\u00e9s -->\r\n<div id=\"afrikad-slot-1741-p-1\"\r\n     data-afrikad\r\n     data-slot-id=\"1741\" \r\n     data-dynamic-countries=\"tg\"\r\n     style=\"margin: auto; width: 300px; height: 275px;\"><\/div>\r\n\r\n<!-- Code \u00e0 placer de pr\u00e9ference une seule fois en bas de page -->\r\n<script>\r\n    (function (d) {\r\n        if (window.afrikadInit == null) {\r\n            window.afrikadInit = function (sdk) {\r\n                sdk.autoload();\r\n            };\r\n        }\r\n\r\n        var js, ajs = d.getElementsByTagName('script')[0];\r\n        if (d.getElementById('afrikad-sdk')) {\r\n            return;\r\n        }\r\n        js = d.createElement('script');\r\n        js.id = \"afrikad-sdk\";\r\n        js.src = \"https:\/\/www.afrikad.com\/build\/latest\/js\/sdk.js\";\r\n        ajs.parentNode.insertBefore(js, ajs);\r\n    }(document));\r\n<\/script>\n<\/div>\n<p><em>Plongez dans une exploration introspective de votre relation avec Internet gr\u00e2ce \u00e0 notre Test d&rsquo;Addiction Perspicace. \u00cates-vous accro \u00e0 votre \u00e9cran ? Vous sentez-vous submerg\u00e9 par les notifications et les clics incessants ? Ou peut-\u00eatre recherchez-vous simplement un \u00e9quilibre sain dans votre utilisation en ligne ?<\/em><\/p>\n<p><em>Ce test complet, con\u00e7u par des experts en psychologie num\u00e9rique, vous offre un aper\u00e7u perspicace de votre comportement en ligne. En r\u00e9pondant \u00e0 des questions soigneusement \u00e9labor\u00e9es, vous d\u00e9couvrirez des facettes inexplor\u00e9es de votre connexion avec le monde num\u00e9rique.<\/em><\/p><div class=\"db567aefa9b9073415b194386f2f1045\" data-index=\"3\" style=\"float: none; margin:0px 0 0px 0; text-align:center;\">\n<!-- Code \u00e0 placer \u00e0 l'endroit ou vous voulez afficher les publicit\u00e9s -->\r\n<div id=\"afrikad-slot-1741-p-1\"\r\n     data-afrikad\r\n     data-slot-id=\"1741\" \r\n     data-dynamic-countries=\"tg\"\r\n     style=\"margin: auto; width: 300px; height: 275px;\"><\/div>\r\n\r\n<!-- Code \u00e0 placer de pr\u00e9ference une seule fois en bas de page -->\r\n<script>\r\n    (function (d) {\r\n        if (window.afrikadInit == null) {\r\n            window.afrikadInit = function (sdk) {\r\n                sdk.autoload();\r\n            };\r\n        }\r\n\r\n        var js, ajs = d.getElementsByTagName('script')[0];\r\n        if (d.getElementById('afrikad-sdk')) {\r\n            return;\r\n        }\r\n        js = d.createElement('script');\r\n        js.id = \"afrikad-sdk\";\r\n        js.src = \"https:\/\/www.afrikad.com\/build\/latest\/js\/sdk.js\";\r\n        ajs.parentNode.insertBefore(js, ajs);\r\n    }(document));\r\n<\/script>\n<\/div>\n\n<p><em>Mais ce n&rsquo;est pas tout. Avec votre rapport personnalis\u00e9, obtenez des conseils pratiques et des strat\u00e9gies pour naviguer efficacement dans le paysage num\u00e9rique, cultivant ainsi une relation \u00e9quilibr\u00e9e et \u00e9panouissante avec Internet.<\/em><\/p>\n<p><em>Plongez dans la d\u00e9couverte, \u00e9mergez avec un nouvel \u00e9clairage. Commandez votre Test d&rsquo;Addiction Perspicace d\u00e8s aujourd&rsquo;hui et commencez votre voyage vers une utilisation consciente et enrichissante d&rsquo;Internet.<\/em><\/p>\n\n<div style=\"font-size: 0px; height: 0px; line-height: 0px; margin: 0; padding: 0; clear: both;\"><\/div>","protected":false},"excerpt":{"rendered":"<p>Cliquez simplement sur ajouter au panier pour faire votre achat<\/p>\n","protected":false},"featured_media":6395,"comment_status":"open","ping_status":"closed","template":"","meta":{"jetpack_post_was_ever_published":false,"jetpack_publicize_message":"","jetpack_publicize_feature_enabled":true,"jetpack_social_post_already_shared":true,"jetpack_social_options":{"image_generator_settings":{"template":"highway","default_image_id":0,"font":"","enabled":false},"version":2}},"product_brand":[],"product_cat":[1392,1397],"product_tag":[1386,1387,1398],"class_list":{"0":"post-8017","1":"product","2":"type-product","3":"status-publish","4":"has-post-thumbnail","6":"product_cat-resultats-tests","7":"product_cat-test-de-connaissance-de-soi","8":"product_tag-addiction","9":"product_tag-internet","10":"product_tag-test","12":"first","13":"instock","14":"sale","15":"downloadable","16":"shipping-taxable","17":"purchasable","18":"product-type-simple"},"jetpack_publicize_connections":[],"jetpack_sharing_enabled":true,"jetpack_likes_enabled":true,"_links":{"self":[{"href":"https:\/\/monpsychomag.com\/index.php\/wp-json\/wp\/v2\/product\/8017","targetHints":{"allow":["GET"]}}],"collection":[{"href":"https:\/\/monpsychomag.com\/index.php\/wp-json\/wp\/v2\/product"}],"about":[{"href":"https:\/\/monpsychomag.com\/index.php\/wp-json\/wp\/v2\/types\/product"}],"replies":[{"embeddable":true,"href":"https:\/\/monpsychomag.com\/index.php\/wp-json\/wp\/v2\/comments?post=8017"}],"wp:featuredmedia":[{"embeddable":true,"href":"https:\/\/monpsychomag.com\/index.php\/wp-json\/wp\/v2\/media\/6395"}],"wp:attachment":[{"href":"https:\/\/monpsychomag.com\/index.php\/wp-json\/wp\/v2\/media?parent=8017"}],"wp:term":[{"taxonomy":"product_brand","embeddable":true,"href":"https:\/\/monpsychomag.com\/index.php\/wp-json\/wp\/v2\/product_brand?post=8017"},{"taxonomy":"product_cat","embeddable":true,"href":"https:\/\/monpsychomag.com\/index.php\/wp-json\/wp\/v2\/product_cat?post=8017"},{"taxonomy":"product_tag","embeddable":true,"href":"https:\/\/monpsychomag.com\/index.php\/wp-json\/wp\/v2\/product_tag?post=8017"}],"curies":[{"name":"wp","href":"https:\/\/api.w.org\/{rel}","templated":true}]}}