{"id":6193,"date":"2022-02-20T20:40:44","date_gmt":"2022-02-20T20:40:44","guid":{"rendered":"https:\/\/monpsychomag.com\/?page_id=6193"},"modified":"2024-03-22T11:44:02","modified_gmt":"2024-03-22T11:44:02","slug":"rendez-vous","status":"publish","type":"page","link":"https:\/\/monpsychomag.com\/index.php\/rendez-vous\/","title":{"rendered":"PRENDRE RDV"},"content":{"rendered":"<div class=\"db567aefa9b9073415b194386f2f1045\" data-index=\"3\" style=\"float: none; margin:0px 0 0px 0; text-align:center;\">\n<!-- Code \u00e0 placer \u00e0 l'endroit ou vous voulez afficher les publicit\u00e9s -->\r\n<div id=\"afrikad-slot-1741-p-1\"\r\n     data-afrikad\r\n     data-slot-id=\"1741\" \r\n     data-dynamic-countries=\"tg\"\r\n     style=\"margin: auto; width: 300px; height: 275px;\"><\/div>\r\n\r\n<!-- Code \u00e0 placer de pr\u00e9ference une seule fois en bas de page -->\r\n<script>\r\n    (function (d) {\r\n        if (window.afrikadInit == null) {\r\n            window.afrikadInit = function (sdk) {\r\n                sdk.autoload();\r\n            };\r\n        }\r\n\r\n        var js, ajs = d.getElementsByTagName('script')[0];\r\n        if (d.getElementById('afrikad-sdk')) {\r\n            return;\r\n        }\r\n        js = d.createElement('script');\r\n        js.id = \"afrikad-sdk\";\r\n        js.src = \"https:\/\/www.afrikad.com\/build\/latest\/js\/sdk.js\";\r\n        ajs.parentNode.insertBefore(js, ajs);\r\n    }(document));\r\n<\/script>\n<\/div>\n\n<p class=\"has-text-align-justify\"><strong><a href=\"https:\/\/monpsychomag.com\/index.php\/prise-de-rendez-vous-avec-un-psychologue\/\">PRENEZ VOTRE RDV AVEC UN PSYCHOLOGUE ICI<\/a> ( PSYCHOLOGUE DU TRAVAIL, PSYCHOLOGUE DE L&rsquo;ORIENTATION SCOLAIRE, PSYCHOLOGUE DE L&rsquo;ORIENTATION PROFESSIONNELLE, PSYCHOLOGUE DE LA SANTE, PSYCHOLOGUE DE L&rsquo;EDUCATION ET AUTRES&#8230;)&nbsp;<a href=\"https:\/\/monpsychomag.com\/index.php\/prise-de-rendez-vous-avec-un-psychologue\/\">PRENEZ VOTRE RDV ICI<\/a><\/strong>.<\/p>\n<div class=\"db567aefa9b9073415b194386f2f1045\" data-index=\"3\" style=\"float: none; margin:0px 0 0px 0; text-align:center;\">\n<!-- Code \u00e0 placer \u00e0 l'endroit ou vous voulez afficher les publicit\u00e9s -->\r\n<div id=\"afrikad-slot-1741-p-1\"\r\n     data-afrikad\r\n     data-slot-id=\"1741\" \r\n     data-dynamic-countries=\"tg\"\r\n     style=\"margin: auto; width: 300px; height: 275px;\"><\/div>\r\n\r\n<!-- Code \u00e0 placer de pr\u00e9ference une seule fois en bas de page -->\r\n<script>\r\n    (function (d) {\r\n        if (window.afrikadInit == null) {\r\n            window.afrikadInit = function (sdk) {\r\n                sdk.autoload();\r\n            };\r\n        }\r\n\r\n        var js, ajs = d.getElementsByTagName('script')[0];\r\n        if (d.getElementById('afrikad-sdk')) {\r\n            return;\r\n        }\r\n        js = d.createElement('script');\r\n        js.id = \"afrikad-sdk\";\r\n        js.src = \"https:\/\/www.afrikad.com\/build\/latest\/js\/sdk.js\";\r\n        ajs.parentNode.insertBefore(js, ajs);\r\n    }(document));\r\n<\/script>\n<\/div>\n\n<div style=\"font-size: 0px; height: 0px; line-height: 0px; margin: 0; padding: 0; clear: both;\"><\/div>","protected":false},"excerpt":{"rendered":"<p>PRENEZ VOTRE RDV AVEC UN PSYCHOLOGUE ICI ( PSYCHOLOGUE DU<\/p>\n","protected":false},"author":122,"featured_media":7503,"parent":0,"menu_order":0,"comment_status":"closed","ping_status":"closed","template":"","meta":{"jetpack_post_was_ever_published":false,"footnotes":""},"class_list":["post-6193","page","type-page","status-publish","has-post-thumbnail","hentry"],"jetpack_sharing_enabled":true,"jetpack_likes_enabled":true,"_links":{"self":[{"href":"https:\/\/monpsychomag.com\/index.php\/wp-json\/wp\/v2\/pages\/6193","targetHints":{"allow":["GET"]}}],"collection":[{"href":"https:\/\/monpsychomag.com\/index.php\/wp-json\/wp\/v2\/pages"}],"about":[{"href":"https:\/\/monpsychomag.com\/index.php\/wp-json\/wp\/v2\/types\/page"}],"author":[{"embeddable":true,"href":"https:\/\/monpsychomag.com\/index.php\/wp-json\/wp\/v2\/users\/122"}],"replies":[{"embeddable":true,"href":"https:\/\/monpsychomag.com\/index.php\/wp-json\/wp\/v2\/comments?post=6193"}],"version-history":[{"count":5,"href":"https:\/\/monpsychomag.com\/index.php\/wp-json\/wp\/v2\/pages\/6193\/revisions"}],"predecessor-version":[{"id":7173,"href":"https:\/\/monpsychomag.com\/index.php\/wp-json\/wp\/v2\/pages\/6193\/revisions\/7173"}],"wp:featuredmedia":[{"embeddable":true,"href":"https:\/\/monpsychomag.com\/index.php\/wp-json\/wp\/v2\/media\/7503"}],"wp:attachment":[{"href":"https:\/\/monpsychomag.com\/index.php\/wp-json\/wp\/v2\/media?parent=6193"}],"curies":[{"name":"wp","href":"https:\/\/api.w.org\/{rel}","templated":true}]}}