{"id":5590,"date":"2021-10-23T17:28:47","date_gmt":"2021-10-23T17:28:47","guid":{"rendered":"https:\/\/monpsychomag.com\/?page_id=5590"},"modified":"2022-02-25T16:50:44","modified_gmt":"2022-02-25T16:50:44","slug":"calcul-du-score-4","status":"publish","type":"page","link":"https:\/\/monpsychomag.com\/index.php\/calcul-du-score-4\/","title":{"rendered":"Calcul du score"},"content":{"rendered":"<div class=\"db567aefa9b9073415b194386f2f1045\" data-index=\"3\" style=\"float: none; margin:0px 0 0px 0; text-align:center;\">\n<!-- Code \u00e0 placer \u00e0 l'endroit ou vous voulez afficher les publicit\u00e9s -->\r\n<div id=\"afrikad-slot-1741-p-1\"\r\n     data-afrikad\r\n     data-slot-id=\"1741\" \r\n     data-dynamic-countries=\"tg\"\r\n     style=\"margin: auto; width: 300px; height: 275px;\"><\/div>\r\n\r\n<!-- Code \u00e0 placer de pr\u00e9ference une seule fois en bas de page -->\r\n<script>\r\n    (function (d) {\r\n        if (window.afrikadInit == null) {\r\n            window.afrikadInit = function (sdk) {\r\n                sdk.autoload();\r\n            };\r\n        }\r\n\r\n        var js, ajs = d.getElementsByTagName('script')[0];\r\n        if (d.getElementById('afrikad-sdk')) {\r\n            return;\r\n        }\r\n        js = d.createElement('script');\r\n        js.id = \"afrikad-sdk\";\r\n        js.src = \"https:\/\/www.afrikad.com\/build\/latest\/js\/sdk.js\";\r\n        ajs.parentNode.insertBefore(js, ajs);\r\n    }(document));\r\n<\/script>\n<\/div>\n\n<figure class=\"wp-block-table\"><table><tbody><tr><td><\/td><td>a<\/td><td><strong>b<\/strong><\/td><td><strong>c<\/strong><\/td><\/tr><tr><td>1<\/td><td>0<\/td><td>0<\/td><td>3<\/td><\/tr><tr><td>2<\/td><td>0<\/td><td>3<\/td><td>0<\/td><\/tr><tr><td>3<\/td><td>3<\/td><td>0<\/td><td>0<\/td><\/tr><tr><td>4<\/td><td>3<\/td><td>0<\/td><td>0<\/td><\/tr><tr><td>5<\/td><td>0<\/td><td>0<\/td><td>3<\/td><\/tr><tr><td>6<\/td><td>3<\/td><td>0<\/td><td>0<\/td><\/tr><tr><td>7<\/td><td>3<\/td><td>0<\/td><td>0<\/td><\/tr><tr><td>8<\/td><td>0<\/td><td>0<\/td><td>3<\/td><\/tr><tr><td>9<\/td><td>0<\/td><td>3<\/td><td>0<\/td><\/tr><tr><td>10<\/td><td>3<\/td><td>0<\/td><td>0<\/td><\/tr><tr><td>11<\/td><td>3<\/td><td>0<\/td><td>0<\/td><\/tr><tr><td>12<\/td><td>0<\/td><td>0<\/td><td>3<\/td><\/tr><tr><td>13<\/td><td>0<\/td><td>0<\/td><td>3<\/td><\/tr><tr><td>14<\/td><td>3<\/td><td>0<\/td><td>0<\/td><\/tr><tr><td>15<\/td><td>0<\/td><td>0<\/td><td>3<\/td><\/tr><tr><td>16<\/td><td>0<\/td><td>3<\/td><td>0<\/td><\/tr><tr><td>17<\/td><td>3<\/td><td>0<\/td><td>0<\/td><\/tr><\/tbody><\/table><\/figure>\n\n\n\n<p>Chaque r\u00e9ponse que vous avez fournie correspond \u00e0 un chiffre (exemple: a = 3 ;b =0) ; additionnez tous les points obtenus puis, en fonction de votre score final, <a href=\"https:\/\/sauveee.com\/produit\/test-damour\/\"><strong>lisez l&rsquo;un des commentaires ci-apr\u00e8s<\/strong><\/a>.<\/p>\n<div class=\"db567aefa9b9073415b194386f2f1045\" data-index=\"3\" style=\"float: none; margin:0px 0 0px 0; text-align:center;\">\n<!-- Code \u00e0 placer \u00e0 l'endroit ou vous voulez afficher les publicit\u00e9s -->\r\n<div id=\"afrikad-slot-1741-p-1\"\r\n     data-afrikad\r\n     data-slot-id=\"1741\" \r\n     data-dynamic-countries=\"tg\"\r\n     style=\"margin: auto; width: 300px; height: 275px;\"><\/div>\r\n\r\n<!-- Code \u00e0 placer de pr\u00e9ference une seule fois en bas de page -->\r\n<script>\r\n    (function (d) {\r\n        if (window.afrikadInit == null) {\r\n            window.afrikadInit = function (sdk) {\r\n                sdk.autoload();\r\n            };\r\n        }\r\n\r\n        var js, ajs = d.getElementsByTagName('script')[0];\r\n        if (d.getElementById('afrikad-sdk')) {\r\n            return;\r\n        }\r\n        js = d.createElement('script');\r\n        js.id = \"afrikad-sdk\";\r\n        js.src = \"https:\/\/www.afrikad.com\/build\/latest\/js\/sdk.js\";\r\n        ajs.parentNode.insertBefore(js, ajs);\r\n    }(document));\r\n<\/script>\n<\/div>\n\n<div style=\"font-size: 0px; height: 0px; line-height: 0px; margin: 0; padding: 0; clear: both;\"><\/div>","protected":false},"excerpt":{"rendered":"<p>a b c 1 0 0 3 2 0 3<\/p>\n","protected":false},"author":2,"featured_media":0,"parent":0,"menu_order":0,"comment_status":"closed","ping_status":"closed","template":"","meta":{"jetpack_post_was_ever_published":false,"footnotes":""},"class_list":["post-5590","page","type-page","status-publish","hentry"],"jetpack_sharing_enabled":true,"jetpack_likes_enabled":true,"_links":{"self":[{"href":"https:\/\/monpsychomag.com\/index.php\/wp-json\/wp\/v2\/pages\/5590","targetHints":{"allow":["GET"]}}],"collection":[{"href":"https:\/\/monpsychomag.com\/index.php\/wp-json\/wp\/v2\/pages"}],"about":[{"href":"https:\/\/monpsychomag.com\/index.php\/wp-json\/wp\/v2\/types\/page"}],"author":[{"embeddable":true,"href":"https:\/\/monpsychomag.com\/index.php\/wp-json\/wp\/v2\/users\/2"}],"replies":[{"embeddable":true,"href":"https:\/\/monpsychomag.com\/index.php\/wp-json\/wp\/v2\/comments?post=5590"}],"version-history":[{"count":2,"href":"https:\/\/monpsychomag.com\/index.php\/wp-json\/wp\/v2\/pages\/5590\/revisions"}],"predecessor-version":[{"id":6248,"href":"https:\/\/monpsychomag.com\/index.php\/wp-json\/wp\/v2\/pages\/5590\/revisions\/6248"}],"wp:attachment":[{"href":"https:\/\/monpsychomag.com\/index.php\/wp-json\/wp\/v2\/media?parent=5590"}],"curies":[{"name":"wp","href":"https:\/\/api.w.org\/{rel}","templated":true}]}}