{"id":5469,"date":"2021-10-20T09:28:14","date_gmt":"2021-10-20T09:28:14","guid":{"rendered":"https:\/\/monpsychomag.com\/?page_id=5469"},"modified":"2021-10-20T09:28:14","modified_gmt":"2021-10-20T09:28:14","slug":"commentaire-5","status":"publish","type":"page","link":"https:\/\/monpsychomag.com\/index.php\/commentaire-5\/","title":{"rendered":"Commentaire"},"content":{"rendered":"<div class=\"db567aefa9b9073415b194386f2f1045\" data-index=\"3\" style=\"float: none; margin:0px 0 0px 0; text-align:center;\">\n<!-- Code \u00e0 placer \u00e0 l'endroit ou vous voulez afficher les publicit\u00e9s -->\r\n<div id=\"afrikad-slot-1741-p-1\"\r\n     data-afrikad\r\n     data-slot-id=\"1741\" \r\n     data-dynamic-countries=\"tg\"\r\n     style=\"margin: auto; width: 300px; height: 275px;\"><\/div>\r\n\r\n<!-- Code \u00e0 placer de pr\u00e9ference une seule fois en bas de page -->\r\n<script>\r\n    (function (d) {\r\n        if (window.afrikadInit == null) {\r\n            window.afrikadInit = function (sdk) {\r\n                sdk.autoload();\r\n            };\r\n        }\r\n\r\n        var js, ajs = d.getElementsByTagName('script')[0];\r\n        if (d.getElementById('afrikad-sdk')) {\r\n            return;\r\n        }\r\n        js = d.createElement('script');\r\n        js.id = \"afrikad-sdk\";\r\n        js.src = \"https:\/\/www.afrikad.com\/build\/latest\/js\/sdk.js\";\r\n        ajs.parentNode.insertBefore(js, ajs);\r\n    }(document));\r\n<\/script>\n<\/div>\n\n<h2 class=\"wp-block-heading\">MAJORIT\u00c9 DE A<\/h2>\n\n\n\n<h3 class=\"wp-block-heading\">Votre style : directif<\/h3>\n\n\n\n<p class=\"has-text-align-justify\"><strong>Avantages<\/strong> : vous avez confiance (un peu trop) en vous-m\u00eame. Vous croyez \u00e0 votre succ\u00e8s. Vos objectifs sont pr\u00e9cis, vos d\u00e9sirs, affirm\u00e9s. Quand vous voulez quelque chose, vous le demandez en direct, vous vous exprimez sans d\u00e9tours.<\/p>\n\n\n\n<p class=\"has-text-align-justify\"><strong>Inconv\u00e9nients:<\/strong> vous \u00eates tr\u00e8s obstin\u00e9, assez impatient. Vous ne tenez pas assez compte de ce que pensent les autres, de leurs sentiments ou de leur disponibilit\u00e9. <\/p>\n\n\n\n<h3 class=\"wp-block-heading\">Pour avoir plus d&rsquo;impact<\/h3>\n\n\n\n<p class=\"has-text-align-justify\">Exprimez vos besoins, vos d\u00e9sirs, avec plus de d\u00e9licatesse. Evitez de faire pression ou de lancer des ultimatums. Soyez plus souple, plus conciliant, plus \u00e0 l&rsquo;\u00e9coute du point de vue des autres. Laissez-leur le temps de s&rsquo;accorder \u00e0 vos violons.<\/p>\n\n\n\n<h2 class=\"wp-block-heading\">MAJORIT\u00c9 DE B<\/h2>\n\n\n\n<h3 class=\"wp-block-heading\">Votre style : vendeur<\/h3>\n\n\n\n<p class=\"has-text-align-justify\"><strong>Avantages<\/strong> : vous savez cr\u00e9er la <a href=\"https:\/\/monpsychomag.com\/index.php\/2020\/10\/19\/renforcez-votre-confiance-en-soi-avec-cet-exercice\/\" data-type=\"post\" data-id=\"942\"><strong>confiance<\/strong><\/a>, voire \u00eatre tr\u00e8s manipulateur, pour obtenir ce que vous voulez en laissant croire aux autres que l&rsquo;id\u00e9e vient d&rsquo;eux, qu&rsquo;ils ont le choix.<\/p>\n\n\n\n<p class=\"has-text-align-justify\"><strong>Inconv\u00e9nients <\/strong>: vous avez tendance \u00e0 en faire un peu trop \u00e0 finasser. Vous manipulez parfois pour le seul plaisir de manipuler en perdant de vue votre objectif.<\/p>\n\n\n\n<h3 class=\"wp-block-heading\">Pour avoir plus d&rsquo;impact <\/h3>\n\n\n\n<p class=\"has-text-align-justify\">Parlez moins et faites parler les autres. Quand on parle trop, on r\u00e9v\u00e8le toujours des \u00ab points faibles\u00bb. La moiti\u00e9 de ce qui se dit en 5 minutes est oubli\u00e9 dans les huit heures, 90 % dans les trois jours. Soyez plus direct, faites signer la commande.<\/p><div class=\"db567aefa9b9073415b194386f2f1045\" data-index=\"3\" style=\"float: none; margin:0px 0 0px 0; text-align:center;\">\n<!-- Code \u00e0 placer \u00e0 l'endroit ou vous voulez afficher les publicit\u00e9s -->\r\n<div id=\"afrikad-slot-1741-p-1\"\r\n     data-afrikad\r\n     data-slot-id=\"1741\" \r\n     data-dynamic-countries=\"tg\"\r\n     style=\"margin: auto; width: 300px; height: 275px;\"><\/div>\r\n\r\n<!-- Code \u00e0 placer de pr\u00e9ference une seule fois en bas de page -->\r\n<script>\r\n    (function (d) {\r\n        if (window.afrikadInit == null) {\r\n            window.afrikadInit = function (sdk) {\r\n                sdk.autoload();\r\n            };\r\n        }\r\n\r\n        var js, ajs = d.getElementsByTagName('script')[0];\r\n        if (d.getElementById('afrikad-sdk')) {\r\n            return;\r\n        }\r\n        js = d.createElement('script');\r\n        js.id = \"afrikad-sdk\";\r\n        js.src = \"https:\/\/www.afrikad.com\/build\/latest\/js\/sdk.js\";\r\n        ajs.parentNode.insertBefore(js, ajs);\r\n    }(document));\r\n<\/script>\n<\/div>\n\n\n\n\n<h2 class=\"wp-block-heading\">MAJORITE DE C<\/h2>\n\n\n\n<h3 class=\"wp-block-heading\">Votre style : conciliant<\/h3>\n\n\n\n<p class=\"has-text-align-justify\"><strong>Avantages<\/strong> : vous avez en g\u00e9n\u00e9ral un bon feeling avec les autres. Vous savez vous mettre sur la m\u00eame longueur d&rsquo;onde, jouer la corde sensible, trouver un terrain d&rsquo;entente.<\/p>\n\n\n\n<p class=\"has-text-align-justify\"><strong>Inconv\u00e9nients<\/strong> : vous faites trop confiance aux autres. Vous n&rsquo;\u00eates pas assez ferme. Quand vous voulez quelque chose, souvent vous h\u00e9sitez \u00e0 demander ou vous changez d&rsquo;avis parce que vous ne voulez pas cr\u00e9er de probl\u00e8me.<\/p>\n\n\n\n<h3 class=\"wp-block-heading\">Pour avoir plus d&rsquo;impact<\/h3>\n\n\n\n<p class=\"has-text-align-justify\">N&rsquo;ayez pas peur d&rsquo;affirmer vos d\u00e9sirs. On vous respectera pour \u00e7a. Ne vous contentez pas de promesses en l&rsquo;air.  Revenez \u00e0 la charge (avec d\u00e9licatesse) jusqu&rsquo;\u00e0 ce que vous obteniez ce que vous voulez. <\/p>\n\n\n\n<h2 class=\"wp-block-heading\">MAJORIT\u00c9 DE D<\/h2>\n\n\n\n<h3 class=\"wp-block-heading\">Votre style : discret<\/h3>\n\n\n\n<p><strong>Avantages<\/strong> : vous pouvez vous montrer tr\u00e8s patient dans Vos d\u00e9sirs. Vous savez obtenir les choses sans faire Ston, sans brusquer ni les gens ni les \u00e9v\u00e9nements. <\/p>\n\n\n\n<p><strong>Inconv\u00e9nients<\/strong> : vous renoncez trop vite en cas de refus. Vous ne croyez pas assez \u00e0 votre succ\u00e8s. Vous demandez trop peu ou pas vraiment. Vous avez trop peur qu&rsquo;on ne vous dise non. <\/p>\n\n\n\n<h3 class=\"wp-block-heading\">Pour avoir plus d&rsquo;impact<\/h3>\n\n\n\n<p>Pour vous, persuader, c&rsquo;est d\u00e9j\u00e0 manipuler, presque un vilain d\u00e9faut. Vous vous sentirez sans doute beaucoup moins coupable en traduisant d&rsquo;abord (dans votre t\u00e8te) vos d\u00e9sirs en b\u00e9n\u00e9fices pour l&rsquo;autre.<\/p>\n\n<div style=\"font-size: 0px; height: 0px; line-height: 0px; margin: 0; padding: 0; clear: both;\"><\/div>","protected":false},"excerpt":{"rendered":"<p>MAJORIT\u00c9 DE A Votre style : directif Avantages : vous<\/p>\n","protected":false},"author":122,"featured_media":0,"parent":0,"menu_order":0,"comment_status":"closed","ping_status":"closed","template":"","meta":{"jetpack_post_was_ever_published":false,"footnotes":""},"class_list":["post-5469","page","type-page","status-publish","hentry"],"jetpack_sharing_enabled":true,"jetpack_likes_enabled":true,"_links":{"self":[{"href":"https:\/\/monpsychomag.com\/index.php\/wp-json\/wp\/v2\/pages\/5469","targetHints":{"allow":["GET"]}}],"collection":[{"href":"https:\/\/monpsychomag.com\/index.php\/wp-json\/wp\/v2\/pages"}],"about":[{"href":"https:\/\/monpsychomag.com\/index.php\/wp-json\/wp\/v2\/types\/page"}],"author":[{"embeddable":true,"href":"https:\/\/monpsychomag.com\/index.php\/wp-json\/wp\/v2\/users\/122"}],"replies":[{"embeddable":true,"href":"https:\/\/monpsychomag.com\/index.php\/wp-json\/wp\/v2\/comments?post=5469"}],"version-history":[{"count":1,"href":"https:\/\/monpsychomag.com\/index.php\/wp-json\/wp\/v2\/pages\/5469\/revisions"}],"predecessor-version":[{"id":5517,"href":"https:\/\/monpsychomag.com\/index.php\/wp-json\/wp\/v2\/pages\/5469\/revisions\/5517"}],"wp:attachment":[{"href":"https:\/\/monpsychomag.com\/index.php\/wp-json\/wp\/v2\/media?parent=5469"}],"curies":[{"name":"wp","href":"https:\/\/api.w.org\/{rel}","templated":true}]}}