{"id":545,"date":"2020-09-21T11:01:21","date_gmt":"2020-09-21T11:01:21","guid":{"rendered":"http:\/\/monpsychomag.com\/?page_id=545"},"modified":"2025-03-16T14:51:26","modified_gmt":"2025-03-16T14:51:26","slug":"a-propos","status":"publish","type":"page","link":"https:\/\/monpsychomag.com\/index.php\/a-propos\/","title":{"rendered":"A PROPOS"},"content":{"rendered":"<div class=\"db567aefa9b9073415b194386f2f1045\" data-index=\"3\" style=\"float: none; margin:0px 0 0px 0; text-align:center;\">\n<!-- Code \u00e0 placer \u00e0 l'endroit ou vous voulez afficher les publicit\u00e9s -->\r\n<div id=\"afrikad-slot-1741-p-1\"\r\n     data-afrikad\r\n     data-slot-id=\"1741\" \r\n     data-dynamic-countries=\"tg\"\r\n     style=\"margin: auto; width: 300px; height: 275px;\"><\/div>\r\n\r\n<!-- Code \u00e0 placer de pr\u00e9ference une seule fois en bas de page -->\r\n<script>\r\n    (function (d) {\r\n        if (window.afrikadInit == null) {\r\n            window.afrikadInit = function (sdk) {\r\n                sdk.autoload();\r\n            };\r\n        }\r\n\r\n        var js, ajs = d.getElementsByTagName('script')[0];\r\n        if (d.getElementById('afrikad-sdk')) {\r\n            return;\r\n        }\r\n        js = d.createElement('script');\r\n        js.id = \"afrikad-sdk\";\r\n        js.src = \"https:\/\/www.afrikad.com\/build\/latest\/js\/sdk.js\";\r\n        ajs.parentNode.insertBefore(js, ajs);\r\n    }(document));\r\n<\/script>\n<\/div>\n\n<h2 class=\"wp-block-heading\"><strong>PRESENTATION DE MONPSYCHOMAG<\/strong> (MPM)<\/h2>\n\n\n\n<h2 class=\"wp-block-heading\"><span class=\"has-inline-color has-luminous-vivid-orange-color\">VISION<\/span><\/h2>\n\n\n\n<p class=\"has-text-align-justify\">MONPSYCHOMAG (MPM) est un blog qui regroupe les psychologues d\u2019Afrique et du monde entier. Sa vision est d&rsquo;apporter des solutions pratiques \u00e0 la population \u00e0 travers la psychologie. Il est constitu\u00e9 des Psychologues du travail, de la sant\u00e9, de l&rsquo;\u00e9ducation, de l&rsquo;orientation et autres.<\/p>\n\n\n\n<h2 class=\"wp-block-heading\"><span class=\"has-inline-color has-luminous-vivid-orange-color\">MISSIONS<\/span><\/h2>\n\n\n\n<ul class=\"wp-block-list\">\n<li>Aider chaque individu \u00e0 trouver des solutions pratiques \u00e0 leurs probl\u00e8mes de sant\u00e9 et de bien-\u00eatre<\/li>\n\n\n\n<li>Contribuer \u00e0 un bien \u00eatre psychologique des individus<\/li>\n\n\n\n<li>Faire la promotion des initiatives de sant\u00e9 mentale et de bien \u00eatre<\/li>\n<\/ul>\n\n\n\n<h2 class=\"wp-block-heading\"><span class=\"has-inline-color has-luminous-vivid-orange-color\">DOMAINES D\u2019INTERVENTION ACTUEL<\/span><\/h2>\n\n\n\n<ul class=\"wp-block-list\">\n<li>Psychologie du travail et des organisations<\/li>\n\n\n\n<li>Psychologie clinique et de la sant\u00e9<\/li>\n\n\n\n<li>Psychologie de l\u2019\u00e9ducation et de la formation<\/li>\n<\/ul>\n\n\n\n<h2 class=\"wp-block-heading\"><span class=\"has-inline-color has-luminous-vivid-orange-color\">LES ACTIVITES<\/span><\/h2>\n\n\n\n<p><strong><em>Activit\u00e9s Standards<\/em><\/strong><\/p><div class=\"db567aefa9b9073415b194386f2f1045\" data-index=\"3\" style=\"float: none; margin:0px 0 0px 0; text-align:center;\">\n<!-- Code \u00e0 placer \u00e0 l'endroit ou vous voulez afficher les publicit\u00e9s -->\r\n<div id=\"afrikad-slot-1741-p-1\"\r\n     data-afrikad\r\n     data-slot-id=\"1741\" \r\n     data-dynamic-countries=\"tg\"\r\n     style=\"margin: auto; width: 300px; height: 275px;\"><\/div>\r\n\r\n<!-- Code \u00e0 placer de pr\u00e9ference une seule fois en bas de page -->\r\n<script>\r\n    (function (d) {\r\n        if (window.afrikadInit == null) {\r\n            window.afrikadInit = function (sdk) {\r\n                sdk.autoload();\r\n            };\r\n        }\r\n\r\n        var js, ajs = d.getElementsByTagName('script')[0];\r\n        if (d.getElementById('afrikad-sdk')) {\r\n            return;\r\n        }\r\n        js = d.createElement('script');\r\n        js.id = \"afrikad-sdk\";\r\n        js.src = \"https:\/\/www.afrikad.com\/build\/latest\/js\/sdk.js\";\r\n        ajs.parentNode.insertBefore(js, ajs);\r\n    }(document));\r\n<\/script>\n<\/div>\n\n\n\n\n<ul class=\"wp-block-list\">\n<li>R\u00e9daction et publications d\u2019articles<\/li>\n\n\n\n<li>Publications des visuels de communications<\/li>\n\n\n\n<li>Partage des contenus de sensibilisation sur la psychologie <\/li>\n<\/ul>\n\n\n\n<p><strong><em>Activit\u00e9s p\u00e9riodiques<\/em><\/strong><\/p>\n\n\n\n<ul class=\"wp-block-list\">\n<li>Organisation de Webinaires&nbsp;: Quatre fois par an<\/li>\n\n\n\n<li>Organisation des rendez-vous en pr\u00e9sentiel avec le public<\/li>\n\n\n\n<li>Organisation des jeux MONPSYCHOMAG<\/li>\n\n\n\n<li>Interview aux acteurs de sant\u00e9 et bien \u00eatre<\/li>\n\n\n\n<li>Promotion des biens et services des visiteurs<\/li>\n<\/ul>\n\n\n\n<ul class=\"wp-block-list\">\n<li><strong>PROJETS ET PROGRAMMES<\/strong><\/li>\n<\/ul>\n\n\n\n<ul class=\"wp-block-list\">\n<li>CHALLENGE MONPSYCHOMAG<\/li>\n\n\n\n<li>LA SOIREE DES PSYCHOLOGUES (En cours)<\/li>\n<\/ul>\n\n<div style=\"font-size: 0px; height: 0px; line-height: 0px; margin: 0; padding: 0; clear: both;\"><\/div>","protected":false},"excerpt":{"rendered":"<p>PRESENTATION DE MONPSYCHOMAG (MPM) VISION MONPSYCHOMAG (MPM) est un blog<\/p>\n","protected":false},"author":122,"featured_media":0,"parent":0,"menu_order":0,"comment_status":"closed","ping_status":"closed","template":"","meta":{"jetpack_post_was_ever_published":false,"footnotes":""},"class_list":["post-545","page","type-page","status-publish","hentry"],"jetpack_sharing_enabled":true,"jetpack_likes_enabled":true,"_links":{"self":[{"href":"https:\/\/monpsychomag.com\/index.php\/wp-json\/wp\/v2\/pages\/545","targetHints":{"allow":["GET"]}}],"collection":[{"href":"https:\/\/monpsychomag.com\/index.php\/wp-json\/wp\/v2\/pages"}],"about":[{"href":"https:\/\/monpsychomag.com\/index.php\/wp-json\/wp\/v2\/types\/page"}],"author":[{"embeddable":true,"href":"https:\/\/monpsychomag.com\/index.php\/wp-json\/wp\/v2\/users\/122"}],"replies":[{"embeddable":true,"href":"https:\/\/monpsychomag.com\/index.php\/wp-json\/wp\/v2\/comments?post=545"}],"version-history":[{"count":13,"href":"https:\/\/monpsychomag.com\/index.php\/wp-json\/wp\/v2\/pages\/545\/revisions"}],"predecessor-version":[{"id":10115,"href":"https:\/\/monpsychomag.com\/index.php\/wp-json\/wp\/v2\/pages\/545\/revisions\/10115"}],"wp:attachment":[{"href":"https:\/\/monpsychomag.com\/index.php\/wp-json\/wp\/v2\/media?parent=545"}],"curies":[{"name":"wp","href":"https:\/\/api.w.org\/{rel}","templated":true}]}}