{"id":5266,"date":"2021-10-06T10:13:19","date_gmt":"2021-10-06T10:13:19","guid":{"rendered":"http:\/\/monpsychomag.com\/?page_id=5266"},"modified":"2021-10-06T10:13:21","modified_gmt":"2021-10-06T10:13:21","slug":"commentaire-4","status":"publish","type":"page","link":"https:\/\/monpsychomag.com\/index.php\/commentaire-4\/","title":{"rendered":"Commentaire"},"content":{"rendered":"<div class=\"db567aefa9b9073415b194386f2f1045\" data-index=\"3\" style=\"float: none; margin:0px 0 0px 0; text-align:center;\">\n<!-- Code \u00e0 placer \u00e0 l'endroit ou vous voulez afficher les publicit\u00e9s -->\r\n<div id=\"afrikad-slot-1741-p-1\"\r\n     data-afrikad\r\n     data-slot-id=\"1741\" \r\n     data-dynamic-countries=\"tg\"\r\n     style=\"margin: auto; width: 300px; height: 275px;\"><\/div>\r\n\r\n<!-- Code \u00e0 placer de pr\u00e9ference une seule fois en bas de page -->\r\n<script>\r\n    (function (d) {\r\n        if (window.afrikadInit == null) {\r\n            window.afrikadInit = function (sdk) {\r\n                sdk.autoload();\r\n            };\r\n        }\r\n\r\n        var js, ajs = d.getElementsByTagName('script')[0];\r\n        if (d.getElementById('afrikad-sdk')) {\r\n            return;\r\n        }\r\n        js = d.createElement('script');\r\n        js.id = \"afrikad-sdk\";\r\n        js.src = \"https:\/\/www.afrikad.com\/build\/latest\/js\/sdk.js\";\r\n        ajs.parentNode.insertBefore(js, ajs);\r\n    }(document));\r\n<\/script>\n<\/div>\n\n<h3 class=\"wp-block-heading\">Jusqu&rsquo;\u00e0 12 points<\/h3>\n\n\n\n<p class=\"has-text-align-justify\">Vous trouvez toujours mati\u00e8re \u00e0 r\u00e9fl\u00e9chir et \u00e0 m\u00e9diter, et, lorsque vous ne parvenez pas \u00e0 consid\u00e9rer chaque chose dans ses moindres d\u00e9tails, vous vous sentez mal \u00e0 l&rsquo;aise. Le monde \u00e9volue malheureusement plus vite que vous ne pouvez l&rsquo;imaginer, et vous vous r\u00e9veillez parfois apr\u00e8s que le train est pass\u00e9. L&rsquo;avantage est qu&rsquo;ainsi l&rsquo;on ne va jamais au-del\u00e0 de ses moyens.<\/p><div class=\"db567aefa9b9073415b194386f2f1045\" data-index=\"3\" style=\"float: none; margin:0px 0 0px 0; text-align:center;\">\n<!-- Code \u00e0 placer \u00e0 l'endroit ou vous voulez afficher les publicit\u00e9s -->\r\n<div id=\"afrikad-slot-1741-p-1\"\r\n     data-afrikad\r\n     data-slot-id=\"1741\" \r\n     data-dynamic-countries=\"tg\"\r\n     style=\"margin: auto; width: 300px; height: 275px;\"><\/div>\r\n\r\n<!-- Code \u00e0 placer de pr\u00e9ference une seule fois en bas de page -->\r\n<script>\r\n    (function (d) {\r\n        if (window.afrikadInit == null) {\r\n            window.afrikadInit = function (sdk) {\r\n                sdk.autoload();\r\n            };\r\n        }\r\n\r\n        var js, ajs = d.getElementsByTagName('script')[0];\r\n        if (d.getElementById('afrikad-sdk')) {\r\n            return;\r\n        }\r\n        js = d.createElement('script');\r\n        js.id = \"afrikad-sdk\";\r\n        js.src = \"https:\/\/www.afrikad.com\/build\/latest\/js\/sdk.js\";\r\n        ajs.parentNode.insertBefore(js, ajs);\r\n    }(document));\r\n<\/script>\n<\/div>\n\n\n\n\n<h3 class=\"wp-block-heading\">De 13 \u00e0 17 points<\/h3>\n\n\n\n<p class=\"has-text-align-justify\">Vous h\u00e9sitez entre le c\u0153ur et la raison et vous avez tendance \u00e0 croire que la v\u00e9rit\u00e9 se situe au milieu. C&rsquo;est justement la raison pour laquelle on devine ais\u00e9ment comment vous r\u00e9agirez sans c\u00e9der aux coups de t\u00eate, mais sans non plus vous perdre en conjectures. Il s&rsquo;agit incontestablement d&rsquo;un moyen tr\u00e8s s\u00fbr pour se sentir satisfait de soi-m\u00eame.<\/p>\n\n\n\n<h3 class=\"wp-block-heading\">De 18 \u00e0 21 points<\/h3>\n\n\n\n<p class=\"has-text-align-justify\">Si la chance est votre compagnon de route habituel, vous avez r\u00e9ussi \u00e0 profiter \u00e9norm\u00e9ment de la vie; dans le cas contraire, votre temp\u00e9rament imp\u00e9tueux vous a souvent mis dans le p\u00e9trin. Vous faites certainement partie de ceux qui s&rsquo;amusent le plus, mais attention \u00e0 ne pas passer votre temps \u00e0 le regretter: r\u00e9fl\u00e9chissez quand m\u00eame une seconde avant d&rsquo;agir.<\/p>\n\n<div style=\"font-size: 0px; height: 0px; line-height: 0px; margin: 0; padding: 0; clear: both;\"><\/div>","protected":false},"excerpt":{"rendered":"<p>Jusqu&rsquo;\u00e0 12 points Vous trouvez toujours mati\u00e8re \u00e0 r\u00e9fl\u00e9chir et<\/p>\n","protected":false},"author":122,"featured_media":0,"parent":0,"menu_order":0,"comment_status":"closed","ping_status":"closed","template":"","meta":{"jetpack_post_was_ever_published":false,"footnotes":""},"class_list":["post-5266","page","type-page","status-publish","hentry"],"jetpack_sharing_enabled":true,"jetpack_likes_enabled":true,"_links":{"self":[{"href":"https:\/\/monpsychomag.com\/index.php\/wp-json\/wp\/v2\/pages\/5266","targetHints":{"allow":["GET"]}}],"collection":[{"href":"https:\/\/monpsychomag.com\/index.php\/wp-json\/wp\/v2\/pages"}],"about":[{"href":"https:\/\/monpsychomag.com\/index.php\/wp-json\/wp\/v2\/types\/page"}],"author":[{"embeddable":true,"href":"https:\/\/monpsychomag.com\/index.php\/wp-json\/wp\/v2\/users\/122"}],"replies":[{"embeddable":true,"href":"https:\/\/monpsychomag.com\/index.php\/wp-json\/wp\/v2\/comments?post=5266"}],"version-history":[{"count":1,"href":"https:\/\/monpsychomag.com\/index.php\/wp-json\/wp\/v2\/pages\/5266\/revisions"}],"predecessor-version":[{"id":5268,"href":"https:\/\/monpsychomag.com\/index.php\/wp-json\/wp\/v2\/pages\/5266\/revisions\/5268"}],"wp:attachment":[{"href":"https:\/\/monpsychomag.com\/index.php\/wp-json\/wp\/v2\/media?parent=5266"}],"curies":[{"name":"wp","href":"https:\/\/api.w.org\/{rel}","templated":true}]}}