{"id":5166,"date":"2021-09-29T17:56:18","date_gmt":"2021-09-29T17:56:18","guid":{"rendered":"http:\/\/monpsychomag.com\/?page_id=5166"},"modified":"2021-09-29T17:56:20","modified_gmt":"2021-09-29T17:56:20","slug":"commentaire","status":"publish","type":"page","link":"https:\/\/monpsychomag.com\/index.php\/commentaire\/","title":{"rendered":"Commentaire"},"content":{"rendered":"<div class=\"db567aefa9b9073415b194386f2f1045\" data-index=\"3\" style=\"float: none; margin:0px 0 0px 0; text-align:center;\">\n<!-- Code \u00e0 placer \u00e0 l'endroit ou vous voulez afficher les publicit\u00e9s -->\r\n<div id=\"afrikad-slot-1741-p-1\"\r\n     data-afrikad\r\n     data-slot-id=\"1741\" \r\n     data-dynamic-countries=\"tg\"\r\n     style=\"margin: auto; width: 300px; height: 275px;\"><\/div>\r\n\r\n<!-- Code \u00e0 placer de pr\u00e9ference une seule fois en bas de page -->\r\n<script>\r\n    (function (d) {\r\n        if (window.afrikadInit == null) {\r\n            window.afrikadInit = function (sdk) {\r\n                sdk.autoload();\r\n            };\r\n        }\r\n\r\n        var js, ajs = d.getElementsByTagName('script')[0];\r\n        if (d.getElementById('afrikad-sdk')) {\r\n            return;\r\n        }\r\n        js = d.createElement('script');\r\n        js.id = \"afrikad-sdk\";\r\n        js.src = \"https:\/\/www.afrikad.com\/build\/latest\/js\/sdk.js\";\r\n        ajs.parentNode.insertBefore(js, ajs);\r\n    }(document));\r\n<\/script>\n<\/div>\n\n<h2 class=\"wp-block-heading\">Moins de 5 points <\/h2>\n\n\n\n<p class=\"has-text-align-justify\">La famille, ce n&rsquo;est vraiment pas votre \u00ab tasse de th\u00e9 \u00bb. Vous vous sentez n\u00e9glig\u00e9. Personne ne semble se soucier de ce que vous pensez. C&rsquo;est peut-\u00eatre vrai, mais \u00eates-vous bien s\u00fbr qu&rsquo;il ne s&rsquo;agit pas d&rsquo;une fausse impression ? Nous vous sugg\u00e9rons de chercher \u00e0 instaurer progressivement le dialogue avec l&rsquo;ensemble de vos proches et d&rsquo;\u00e9claircir la situation. II ne sert absolument \u00e0 rien de garder le silence et de continuer \u00e0 bouder.<\/p><div class=\"db567aefa9b9073415b194386f2f1045\" data-index=\"3\" style=\"float: none; margin:0px 0 0px 0; text-align:center;\">\n<!-- Code \u00e0 placer \u00e0 l'endroit ou vous voulez afficher les publicit\u00e9s -->\r\n<div id=\"afrikad-slot-1741-p-1\"\r\n     data-afrikad\r\n     data-slot-id=\"1741\" \r\n     data-dynamic-countries=\"tg\"\r\n     style=\"margin: auto; width: 300px; height: 275px;\"><\/div>\r\n\r\n<!-- Code \u00e0 placer de pr\u00e9ference une seule fois en bas de page -->\r\n<script>\r\n    (function (d) {\r\n        if (window.afrikadInit == null) {\r\n            window.afrikadInit = function (sdk) {\r\n                sdk.autoload();\r\n            };\r\n        }\r\n\r\n        var js, ajs = d.getElementsByTagName('script')[0];\r\n        if (d.getElementById('afrikad-sdk')) {\r\n            return;\r\n        }\r\n        js = d.createElement('script');\r\n        js.id = \"afrikad-sdk\";\r\n        js.src = \"https:\/\/www.afrikad.com\/build\/latest\/js\/sdk.js\";\r\n        ajs.parentNode.insertBefore(js, ajs);\r\n    }(document));\r\n<\/script>\n<\/div>\n\n\n\n\n<h3 class=\"wp-block-heading\">De 5 \u00e0 10 points<\/h3>\n\n\n\n<p class=\"has-text-align-justify\">Il y a quelque chose qui cloche : vous \u00eates fonci\u00e8rement satisfait, mais pas exempt d&rsquo;envies de changement. Vous voudriez \u00e0 certains moments que vos proches manifestent davantage d&rsquo;attention et d&rsquo;affection \u00e0 votre \u00e9gard. Essayez de faire vous-m\u00eame le premier pas. Nous vous conseillons de proc\u00e9der \u00e0 un examen de conscience.<\/p>\n\n\n\n<h3 class=\"wp-block-heading\">Plus de 10 points<\/h3>\n\n\n\n<p class=\"has-text-align-justify\">Vous vous sentez bien en famille. L&rsquo;atmosph\u00e8re est sereine, les rapports \u00e9ducatifs justes, amicaux et confiants. Quel que soit votre r\u00f4le dans la maison, vous le jouez de mani\u00e8re positive et constructive. Lorsque vous parlez de votre famille, vous pouvez la citer comme un exemple de bonnes relations \u00e9quilibr\u00e9es \u00e0 maintenir telles quelles.<\/p>\n\n<div style=\"font-size: 0px; height: 0px; line-height: 0px; margin: 0; padding: 0; clear: both;\"><\/div>","protected":false},"excerpt":{"rendered":"<p>Moins de 5 points La famille, ce n&rsquo;est vraiment pas<\/p>\n","protected":false},"author":122,"featured_media":0,"parent":0,"menu_order":0,"comment_status":"closed","ping_status":"closed","template":"","meta":{"jetpack_post_was_ever_published":false,"footnotes":""},"class_list":["post-5166","page","type-page","status-publish","hentry"],"jetpack_sharing_enabled":true,"jetpack_likes_enabled":true,"_links":{"self":[{"href":"https:\/\/monpsychomag.com\/index.php\/wp-json\/wp\/v2\/pages\/5166","targetHints":{"allow":["GET"]}}],"collection":[{"href":"https:\/\/monpsychomag.com\/index.php\/wp-json\/wp\/v2\/pages"}],"about":[{"href":"https:\/\/monpsychomag.com\/index.php\/wp-json\/wp\/v2\/types\/page"}],"author":[{"embeddable":true,"href":"https:\/\/monpsychomag.com\/index.php\/wp-json\/wp\/v2\/users\/122"}],"replies":[{"embeddable":true,"href":"https:\/\/monpsychomag.com\/index.php\/wp-json\/wp\/v2\/comments?post=5166"}],"version-history":[{"count":1,"href":"https:\/\/monpsychomag.com\/index.php\/wp-json\/wp\/v2\/pages\/5166\/revisions"}],"predecessor-version":[{"id":5169,"href":"https:\/\/monpsychomag.com\/index.php\/wp-json\/wp\/v2\/pages\/5166\/revisions\/5169"}],"wp:attachment":[{"href":"https:\/\/monpsychomag.com\/index.php\/wp-json\/wp\/v2\/media?parent=5166"}],"curies":[{"name":"wp","href":"https:\/\/api.w.org\/{rel}","templated":true}]}}