{"id":5139,"date":"2021-09-28T16:49:11","date_gmt":"2021-09-28T16:49:11","guid":{"rendered":"http:\/\/monpsychomag.com\/?page_id=5139"},"modified":"2021-09-28T16:49:13","modified_gmt":"2021-09-28T16:49:13","slug":"commentaires","status":"publish","type":"page","link":"https:\/\/monpsychomag.com\/index.php\/commentaires\/","title":{"rendered":"Commentaires"},"content":{"rendered":"<div class=\"db567aefa9b9073415b194386f2f1045\" data-index=\"3\" style=\"float: none; margin:0px 0 0px 0; text-align:center;\">\n<!-- Code \u00e0 placer \u00e0 l'endroit ou vous voulez afficher les publicit\u00e9s -->\r\n<div id=\"afrikad-slot-1741-p-1\"\r\n     data-afrikad\r\n     data-slot-id=\"1741\" \r\n     data-dynamic-countries=\"tg\"\r\n     style=\"margin: auto; width: 300px; height: 275px;\"><\/div>\r\n\r\n<!-- Code \u00e0 placer de pr\u00e9ference une seule fois en bas de page -->\r\n<script>\r\n    (function (d) {\r\n        if (window.afrikadInit == null) {\r\n            window.afrikadInit = function (sdk) {\r\n                sdk.autoload();\r\n            };\r\n        }\r\n\r\n        var js, ajs = d.getElementsByTagName('script')[0];\r\n        if (d.getElementById('afrikad-sdk')) {\r\n            return;\r\n        }\r\n        js = d.createElement('script');\r\n        js.id = \"afrikad-sdk\";\r\n        js.src = \"https:\/\/www.afrikad.com\/build\/latest\/js\/sdk.js\";\r\n        ajs.parentNode.insertBefore(js, ajs);\r\n    }(document));\r\n<\/script>\n<\/div>\n\n<h3 class=\"wp-block-heading\"><strong>Jusqu&rsquo;\u00e0 12 points<\/strong><\/h3>\n\n\n\n<p class=\"has-text-align-justify\">On peut vraiment vous faire confiance. Quand l&rsquo;amour, l&rsquo;amiti\u00e9 ou l&rsquo;affection vous lient \u00e0 une personne, elle n&rsquo;a rien \u00e0 craindre : vous n&rsquo;\u00eates pas du genre \u00e0 la trahir ou \u00e0 lui jouer de mauvais tours derri\u00e8re son dos. Pour vous sentir bien, vous avez n\u00e9anmoins besoin de vous entourer de gens qui vous ressemblent, sinon ce mode de vie risque d&rsquo;\u00eatre tr\u00e8s<br>p\u00e9nible.<\/p><div class=\"db567aefa9b9073415b194386f2f1045\" data-index=\"3\" style=\"float: none; margin:0px 0 0px 0; text-align:center;\">\n<!-- Code \u00e0 placer \u00e0 l'endroit ou vous voulez afficher les publicit\u00e9s -->\r\n<div id=\"afrikad-slot-1741-p-1\"\r\n     data-afrikad\r\n     data-slot-id=\"1741\" \r\n     data-dynamic-countries=\"tg\"\r\n     style=\"margin: auto; width: 300px; height: 275px;\"><\/div>\r\n\r\n<!-- Code \u00e0 placer de pr\u00e9ference une seule fois en bas de page -->\r\n<script>\r\n    (function (d) {\r\n        if (window.afrikadInit == null) {\r\n            window.afrikadInit = function (sdk) {\r\n                sdk.autoload();\r\n            };\r\n        }\r\n\r\n        var js, ajs = d.getElementsByTagName('script')[0];\r\n        if (d.getElementById('afrikad-sdk')) {\r\n            return;\r\n        }\r\n        js = d.createElement('script');\r\n        js.id = \"afrikad-sdk\";\r\n        js.src = \"https:\/\/www.afrikad.com\/build\/latest\/js\/sdk.js\";\r\n        ajs.parentNode.insertBefore(js, ajs);\r\n    }(document));\r\n<\/script>\n<\/div>\n\n\n\n\n<h3 class=\"wp-block-heading\">De 13 \u00e0 17 points<\/h3>\n\n\n\n<p class=\"has-text-align-justify\">Vous \u00eates fonci\u00e8rement honn\u00eate, mais pas insensible aux propositions ext\u00e9rieures qui peuvent vous amener \u00e0 sortir du \u00ab droit chemin \u00bb. Vos escapades sont souvent purement mentales et, par cons\u00e9quent, absolument inoffensives, mais nous n&rsquo;en mettrions pas notre main au feu. Nous vous conseillons de proc\u00e9der \u00e0 un examen de conscience.<\/p>\n\n\n\n<h3 class=\"wp-block-heading\">De 18 \u00e0 21 points<\/h3>\n\n\n\n<p class=\"has-text-align-justify\">Heureusement pour vous, votre personnalit\u00e9 ne se lit pas sur votre figure : vous \u00eates aussi sympathique et s\u00e9duisant que dangereux et infid\u00e8le. Mais, m\u00eame si vous l&rsquo;ignorez, beaucoup vous ont rendu la monnaie de votre pi\u00e8ce.<\/p>\n\n<div style=\"font-size: 0px; height: 0px; line-height: 0px; margin: 0; padding: 0; clear: both;\"><\/div>","protected":false},"excerpt":{"rendered":"<p>Jusqu&rsquo;\u00e0 12 points On peut vraiment vous faire confiance. Quand<\/p>\n","protected":false},"author":122,"featured_media":0,"parent":0,"menu_order":0,"comment_status":"closed","ping_status":"closed","template":"","meta":{"jetpack_post_was_ever_published":false,"footnotes":""},"class_list":["post-5139","page","type-page","status-publish","hentry"],"jetpack_sharing_enabled":true,"jetpack_likes_enabled":true,"_links":{"self":[{"href":"https:\/\/monpsychomag.com\/index.php\/wp-json\/wp\/v2\/pages\/5139","targetHints":{"allow":["GET"]}}],"collection":[{"href":"https:\/\/monpsychomag.com\/index.php\/wp-json\/wp\/v2\/pages"}],"about":[{"href":"https:\/\/monpsychomag.com\/index.php\/wp-json\/wp\/v2\/types\/page"}],"author":[{"embeddable":true,"href":"https:\/\/monpsychomag.com\/index.php\/wp-json\/wp\/v2\/users\/122"}],"replies":[{"embeddable":true,"href":"https:\/\/monpsychomag.com\/index.php\/wp-json\/wp\/v2\/comments?post=5139"}],"version-history":[{"count":1,"href":"https:\/\/monpsychomag.com\/index.php\/wp-json\/wp\/v2\/pages\/5139\/revisions"}],"predecessor-version":[{"id":5141,"href":"https:\/\/monpsychomag.com\/index.php\/wp-json\/wp\/v2\/pages\/5139\/revisions\/5141"}],"wp:attachment":[{"href":"https:\/\/monpsychomag.com\/index.php\/wp-json\/wp\/v2\/media?parent=5139"}],"curies":[{"name":"wp","href":"https:\/\/api.w.org\/{rel}","templated":true}]}}