{"id":5009,"date":"2021-09-23T10:13:55","date_gmt":"2021-09-23T10:13:55","guid":{"rendered":"http:\/\/monpsychomag.com\/?page_id=5009"},"modified":"2021-09-23T10:19:34","modified_gmt":"2021-09-23T10:19:34","slug":"test-dintelligence","status":"publish","type":"page","link":"https:\/\/monpsychomag.com\/index.php\/test-dintelligence\/","title":{"rendered":"Test d&rsquo;intelligence"},"content":{"rendered":"<div class=\"db567aefa9b9073415b194386f2f1045\" data-index=\"3\" style=\"float: none; margin:0px 0 0px 0; text-align:center;\">\n<!-- Code \u00e0 placer \u00e0 l'endroit ou vous voulez afficher les publicit\u00e9s -->\r\n<div id=\"afrikad-slot-1741-p-1\"\r\n     data-afrikad\r\n     data-slot-id=\"1741\" \r\n     data-dynamic-countries=\"tg\"\r\n     style=\"margin: auto; width: 300px; height: 275px;\"><\/div>\r\n\r\n<!-- Code \u00e0 placer de pr\u00e9ference une seule fois en bas de page -->\r\n<script>\r\n    (function (d) {\r\n        if (window.afrikadInit == null) {\r\n            window.afrikadInit = function (sdk) {\r\n                sdk.autoload();\r\n            };\r\n        }\r\n\r\n        var js, ajs = d.getElementsByTagName('script')[0];\r\n        if (d.getElementById('afrikad-sdk')) {\r\n            return;\r\n        }\r\n        js = d.createElement('script');\r\n        js.id = \"afrikad-sdk\";\r\n        js.src = \"https:\/\/www.afrikad.com\/build\/latest\/js\/sdk.js\";\r\n        ajs.parentNode.insertBefore(js, ajs);\r\n    }(document));\r\n<\/script>\n<\/div>\n\n<p><strong>1 Meilleur est \u00e0 pire ce que m\u00ealer est \u00e0:<\/strong><\/p>\n\n\n\n<p>1 divorcer<br>2 s\u00e9parer<br>3r\u00e9unir<br>4 rassembler<br>5 affronter<\/p>\n\n\n\n<p><strong>2 L&rsquo;ivoire est \u00e0 l&rsquo;\u00e9l\u00e9phant ce que l&rsquo;\u00e9caille est<\/strong><\/p>\n\n\n\n<p>1 \u00e0 la lunette<br>2 au poisson<br>\u00e0 la tortue<br>4 au serpent<\/p>\n\n\n\n<p><strong>3 Dupond per\u00e7oit un b\u00e9n\u00e9fice deux fois sup\u00e9rieur \u00e0 celui de chacun de ses trois associ\u00e9s, qui est le m\u00eame pour tous les<\/strong> <strong>trois. A quel pourcentage du total des b\u00e9n\u00e9fices correspond, en fraction, le gain de Dupond ?<\/strong><\/p>\n\n\n\n<p>&#8230;&#8230;&#8230;&#8230;&#8230;&#8230;&#8230;&#8230;<\/p>\n\n\n\n<p>4 Un intrus s&rsquo;est gliss\u00e9 dans cette liste de mots, lequel ?<\/p>\n\n\n\n<p>1 tristesse<br>2 m\u00e9lancolie<br>3 peine<br>4 condol\u00e9ances<\/p>\n\n\n\n<p>5 Jean a un cornet de frites contenant 1\/4 de frites de plus que le cornet de Marc. Sachant que le cornet de Marc renferme trois frites de moins que celui de Jean, combien y a-t-il de frites dans le cornet de Jean?<\/p>\n\n\n\n<p>&#8230;&#8230;&#8230;&#8230;&#8230;&#8230;&#8230;&#8230;&#8230;..<\/p>\n\n\n\n<p>6 Trouvez le nombre qui, dans la s\u00e9rie ci-dessous, vient avant le 15 comme le \u00abn\u00bb vient apr\u00e8s le \u00abe\u00bb dans l&rsquo;alphabet.<br>3 &#8211; 4 &#8211; 5 &#8211; 6 &#8211; 7 &#8211; 8 &#8211; 9 &#8211; 10 &#8211; 11 &#8211; 12 &#8211; 13 &#8211; 14 &#8211; 15 &#8211; 16- 17 &#8211; 18 &#8211; 19.<\/p>\n\n\n\n<p>&#8230;&#8230;&#8230;&#8230;&#8230;..<\/p>\n\n\n\n<p>7 Les soutiens-gorge sont toujours synonymes de :<\/p>\n\n\n\n<p>1 sexualit\u00e9<br>2 \u00e9paulettes<br>3 chaleur<br>4 forme<br>5 adh\u00e9rence<\/p>\n\n\n\n<p>8 Si tous les hommes ont des chapeaux, alors ceux ayant de grosses t\u00eates ont<br>1 de grands chapeaux<br>2 moins de chapeaux<br>3 des chapeaux<br>4 peu de chapeaux<\/p>\n\n\n\n<p>9 Jean et Paul ont pari\u00e9 aux courses; Jean a perdu 360 francs aux deux premi\u00e8res courses, en perdant 120 francs de plus dans la seconde que dans la premi\u00e8re. Il a cependant perdu 80 francs de moins que Paul dans la seconde. \u00c1 combien s&rsquo;\u00e9l\u00e8ve la perte de Paul dans la seconde course ?<\/p>\n\n\n\n<p>&#8230;&#8230;&#8230;&#8230;&#8230;&#8230;&#8230;&#8230;<\/p>\n\n\n\n<p>10 Combien de kilom\u00e8tres un tigre accomplit-il en 3 minutes s&rsquo;il court a 50 p. 100 de la vitesse d&rsquo;une voiture allant \u00e0 80 km\/h ?<\/p>\n\n\n\n<p>&#8230;&#8230;&#8230;&#8230;.<\/p>\n\n\n\n<p>11 Aucun chien ne sait mugir, mais certains chiens savent miauler. Dans ce cas<\/p>\n\n\n\n<p>1 certains chiens savent mugir<br>2 tous les chiens ne savent pas mugir<br>3 tous les chiens ne savent pas miauler<\/p>\n\n\n\n<p>12 Deux femmes peuvent \u00e9plucher 4 kg de pommes en 6 minutes ; Combien de minutes faut-il \u00e0 une femme pour en \u00e9plucher 2 Kg ?<\/p>\n\n\n\n<p>&#8230;&#8230;&#8230;<\/p>\n\n\n\n<p>13 Si &lt;&lt; b&gt;&gt; \u00e9quivaut \u00e0 3, &lt;&lt;d&gt;&gt; \u00e0 7 , &lt;&lt;e&gt;&gt; \u00e0 9, &lt;&lt;g&gt;&gt; \u00e0 13 , etc., comment \u00e9cririez-vous &lt;&lt;caravelle&gt;&gt; en utilisant des chiffres \u00e0 la place des lettres ?<\/p>\n\n\n\n<p>&#8230;&#8230;&#8230;&#8230;..<\/p>\n\n\n\n<p>14 Supposons que l&rsquo;\u00e9quipe P soit en t\u00eate du championnat et que l&rsquo;\u00e9quipe F occupe la cinqui\u00e8me place tandis que O  se trouve \u00e0 mi-chemin des deux. Si A se situe avant F et M a Monaco juste apr\u00e8s O, quelle \u00e9quipe occupe la deuxi\u00e8me place ?<\/p>\n\n\n\n<p>&#8230;&#8230;&#8230;..<\/p>\n\n\n\n<p>15 CDF est \u00e0 EDC ce que RSU est \u00e0 :<br>&#8230;.<\/p>\n\n\n\n<p>16 Une s\u00e9rie est dans l&rsquo;ordre inverse de l&rsquo;autre, \u00e0 l&rsquo;exception d&rsquo;un nombre, lequel ?<\/p>\n\n\n\n<p>10 &#8211; 20.- 30<br>10 &#8211; 30 &#8211; 20<br>&#8230;&#8230;<\/p>\n\n\n\n<p>17 Une voiture fait la moiti\u00e9 du trajet \u00e0 60 km\/h, et l&rsquo;autre moiti\u00e9 \u00e0 120 km\/h. Sachant qu&rsquo;il s&rsquo;agit d&rsquo;un voyage de 40 km, combien de minutes faudra-t-il \u00e0 la voiture pour arriver \u00e0 destination ?<br>&#8230;&#8230;<\/p>\n\n\n\n<p>18 Parmi les quatre mots propos\u00e9s, quel est celui dont le sens se rap-<br>proche le plus du terme \u00ab diptyque \u00bb ?<\/p>\n\n\n\n<p>1 choix<br>2 art<br>3 anc\u00eatre<br>4 dicton<\/p>\n\n\n\n<p>19 &lt;&lt;N\u00e9glig\u00e9 &gt;&gt; signifie :<\/p><div class=\"db567aefa9b9073415b194386f2f1045\" data-index=\"3\" style=\"float: none; margin:0px 0 0px 0; text-align:center;\">\n<!-- Code \u00e0 placer \u00e0 l'endroit ou vous voulez afficher les publicit\u00e9s -->\r\n<div id=\"afrikad-slot-1741-p-1\"\r\n     data-afrikad\r\n     data-slot-id=\"1741\" \r\n     data-dynamic-countries=\"tg\"\r\n     style=\"margin: auto; width: 300px; height: 275px;\"><\/div>\r\n\r\n<!-- Code \u00e0 placer de pr\u00e9ference une seule fois en bas de page -->\r\n<script>\r\n    (function (d) {\r\n        if (window.afrikadInit == null) {\r\n            window.afrikadInit = function (sdk) {\r\n                sdk.autoload();\r\n            };\r\n        }\r\n\r\n        var js, ajs = d.getElementsByTagName('script')[0];\r\n        if (d.getElementById('afrikad-sdk')) {\r\n            return;\r\n        }\r\n        js = d.createElement('script');\r\n        js.id = \"afrikad-sdk\";\r\n        js.src = \"https:\/\/www.afrikad.com\/build\/latest\/js\/sdk.js\";\r\n        ajs.parentNode.insertBefore(js, ajs);\r\n    }(document));\r\n<\/script>\n<\/div>\n\n\n\n\n<p>1 peu soign\u00e9<br>2 imprudent<br>3 indolent<br>4 inattentif<\/p>\n\n\n\n<p>20 Les mamans ont toujours :<\/p>\n\n\n\n<p>1 des engagements<br>2 des jupes<br>3 des belles-m\u00e8res<br>4 des enfants<\/p>\n\n\n\n<p>21 Svlvie a 1 000 francs. Si elle avait 300 francs de moins, elle aurait la moiti\u00e9 de ce qu&rsquo;Anne poss\u00e8de. Combien Anne a-t-elle de plus que Sylvie ?<\/p>\n\n\n\n<p>1 700 francs<br>2 400 francs<br>3 200 francs<br>4 1 300 francs<\/p>\n\n\n\n<p>22 L&rsquo;Ingres est au violon ce que l&rsquo;Inde est au :<\/p>\n\n\n\n<p>1 baron<br>2 marron<br>3 clairon<br>4 giron<br>5 vairon<\/p>\n\n\n\n<p>23 Parmi les cinq mots propos\u00e9s, quel est celui dont le sens se rapproche le plus du terme \u00ab vaniteux \u00bb ?<\/p>\n\n\n\n<p>1 vain<br>2 min\u00e9ral<br>3 pauvre<br>4 fat<br>5 h\u00e9r\u00e9tique<\/p>\n\n\n\n<p>24 Un barman re\u00e7oit en pourboire 10 francs de plus que la moiti\u00e9 son salaire, qui s&rsquo;\u00e9l\u00e8ve \u00e0 450 francs par jour. A combien se montent ses pourboires ?<\/p>\n\n\n\n<p>25 \u00ab Adamique \u00bb est le contraire de<br>1 t\u00eatu<br>2 diff\u00e9rent d&rsquo;Eve<br>3 commun<br>4 v\u00eatu<\/p>\n\n\n\n<p>20 Un intrus s&rsquo;est gliss\u00e9 dans cette liste d&rsquo;objets, lequel ?<\/p>\n\n\n\n<p>1 machine \u00e0 laver<br>2 bouche d&rsquo;incendie<br>3 r\u00e9frig\u00e9rateur<br>4 t\u00e9l\u00e9phone<\/p>\n\n\n\n<p>27 Mont\u00e9e est \u00e0 \u00e9l\u00e9vation ce que descente est \u00e0 :<\/p>\n\n\n\n<p>1 inclinaison<br>2 piste<br>3 ondulation<br>4 abaissement<br>5 effondrement<\/p>\n\n\n\n<p>28 Un intrus s&rsquo;est gliss\u00e9 dans cette liste de mots, lequel ?<\/p>\n\n\n\n<p>1 architecte<br>2 g\u00e9om\u00e8tre<br>3 charpentier<br>4 avocat<\/p>\n\n\n\n<p>29 Quel nombre compl\u00e8te la s\u00e9rie ?<br>15 &#8211; 40 &#8211; 60- 75 &#8211; 85<\/p>\n\n\n\n<p>30 Un \u00ab fantassin \u00bb est un ou une :<\/p>\n\n\n\n<p>1 monnaie<br>2 animal<br>3 soldat<br>4 po\u00e8te<\/p>\n\n\n\n<p>31 Quel nombre est le suivant ?<br>21 &#8211; 31 &#8211; 42 &#8211; 52 &#8211; 63<br>&#8230;&#8230;<\/p>\n\n\n\n<p>32 Parmi les cinq mots propos\u00e9s, quel est celui dont le sens se rapproche le plus du terme \u00ab \u00eatre \u00bb ?<\/p>\n\n\n\n<p>1 est<br>2 sont<br>3 vit<br>4 exister<br>5 avoir<\/p>\n\n\n\n<p>33 Gyn\u00e9cologue est \u00e0 sociologue ce que femme est \u00e0 :<\/p>\n\n\n\n<p>1 plante<br>2 informatique<br>3 soci\u00e9t\u00e9<br>4 sociologie<\/p>\n\n\n\n<p>34 Un intrus s&rsquo;est gliss\u00e9 dans cette liste de mots, lequel ?<\/p>\n\n\n\n<p>1 il<br>2 le<br>3 un<br>4 trois<br>5 une<\/p>\n\n\n\n<p>35 Une personne \u00ab exasp\u00e9r\u00e9e \u00bb est<\/p>\n\n\n\n<p>1 retard\u00e9e<br>2 folle<br>3 f\u00e2ch\u00e9e<br>4 d\u00e9sorient\u00e9e<\/p>\n\n\n\n<p>36 Une attitude \u00ab ex\u00e9crable \u00bb est :<\/p>\n\n\n\n<p>1 indisponible<br>2 indispensable<br>3 intelligible<br>4 bonne<br>5 d\u00e9plorable<\/p>\n\n\n\n<p>37 Cha\u00eene est \u00e0 bou\u00e9e ce que fil est \u00e0:<\/p>\n\n\n\n<p>1 ligne<br>2 app\u00e2t<br>3 flotteur<br>4 hame\u00e7on<\/p>\n\n\n\n<p>38 Quel nombre compl\u00e8te la s\u00e9rie ?<br>6- 11 15 &#8211; 18 &#8211; 20<\/p>\n\n\n\n<p>39 Trompette est \u00e0 musique ce que livre est \u00e1:<\/p>\n\n\n\n<p>1 bonheur<br>2 lecture<br>3 son<br>4 message<br>5 repos<\/p>\n\n\n\n<p>40 Ecrivez la lettre qui vient apr\u00e8s la premi\u00e8re lettre de l&rsquo;alphabet comme le second \u00ab i \u00bb Vient apr\u00e8s le premier \u00ab i\u00bb du mot \u00ab hi\u00e9ratique \u00bb.<\/p>\n\n\n\n<p>&#8230;&#8230;<\/p>\n\n\n\n<p>41 Quel chiffre est le suivant ?<br>9-7-5-3<\/p>\n\n\n\n<p>42 Quelle lettre compl\u00e8te la s\u00e9rie ?<br>A &#8211; D &#8211; G &#8211; J <\/p>\n\n\n\n<p>43 Rang\u00e9s dans le bon ordre, les mots ci-dessous forment une phrase. Ecrivez OUI ou NON selon que cette derni\u00e8re est juste ou pas. <\/p>\n\n\n\n<p>un &#8211; club &#8211; on &#8211; joue &#8211; avec &#8211; golf &#8211; au<\/p>\n\n\n\n<p>&#8230;&#8230;<\/p>\n\n\n\n<p>44 L&rsquo;urbanisme concerne:<\/p>\n\n\n\n<p>1 les plantes<br>2 l&rsquo;eau<br>3 les installations sanitaires<br>4 la viabilit\u00e9<\/p>\n\n\n\n<p>45 Si un bus avance avec 3 minutes de retard et perd 3 secondes par minute, au bout de combien de minutes aura-t-il une heure de retard ?<\/p>\n\n\n\n<p>46 On met dans la soupe 10 haricots pour 20 pois chiches. Sur un total de 600 l\u00e9gumes, combien y a-t-il de pois 2<\/p>\n\n\n\n<p>47 Trouvez l&rsquo;intrus de cette s\u00e9rie :<br>4 &#8211; 8 -16 &#8211; 30 &#8211; 59 &#8211; 84 &#8211; 106<\/p>\n\n\n\n<p><strong><em><a href=\"https:\/\/monpsychomag.com\/index.php\/solutions-au-tests-dintelligence\/\">Calculez votre score ici<\/a><\/em><\/strong><\/p>\n\n<div style=\"font-size: 0px; height: 0px; line-height: 0px; margin: 0; padding: 0; clear: both;\"><\/div>","protected":false},"excerpt":{"rendered":"<p>1 Meilleur est \u00e0 pire ce que m\u00ealer est \u00e0:<\/p>\n","protected":false},"author":122,"featured_media":0,"parent":0,"menu_order":0,"comment_status":"closed","ping_status":"closed","template":"","meta":{"jetpack_post_was_ever_published":false,"footnotes":""},"class_list":["post-5009","page","type-page","status-publish","hentry"],"jetpack_sharing_enabled":true,"jetpack_likes_enabled":true,"_links":{"self":[{"href":"https:\/\/monpsychomag.com\/index.php\/wp-json\/wp\/v2\/pages\/5009","targetHints":{"allow":["GET"]}}],"collection":[{"href":"https:\/\/monpsychomag.com\/index.php\/wp-json\/wp\/v2\/pages"}],"about":[{"href":"https:\/\/monpsychomag.com\/index.php\/wp-json\/wp\/v2\/types\/page"}],"author":[{"embeddable":true,"href":"https:\/\/monpsychomag.com\/index.php\/wp-json\/wp\/v2\/users\/122"}],"replies":[{"embeddable":true,"href":"https:\/\/monpsychomag.com\/index.php\/wp-json\/wp\/v2\/comments?post=5009"}],"version-history":[{"count":2,"href":"https:\/\/monpsychomag.com\/index.php\/wp-json\/wp\/v2\/pages\/5009\/revisions"}],"predecessor-version":[{"id":5017,"href":"https:\/\/monpsychomag.com\/index.php\/wp-json\/wp\/v2\/pages\/5009\/revisions\/5017"}],"wp:attachment":[{"href":"https:\/\/monpsychomag.com\/index.php\/wp-json\/wp\/v2\/media?parent=5009"}],"curies":[{"name":"wp","href":"https:\/\/api.w.org\/{rel}","templated":true}]}}