{"id":5007,"date":"2021-09-23T10:18:44","date_gmt":"2021-09-23T10:18:44","guid":{"rendered":"http:\/\/monpsychomag.com\/?page_id=5007"},"modified":"2021-09-23T10:18:45","modified_gmt":"2021-09-23T10:18:45","slug":"solutions-au-tests-dintelligence","status":"publish","type":"page","link":"https:\/\/monpsychomag.com\/index.php\/solutions-au-tests-dintelligence\/","title":{"rendered":"Solutions au tests d&rsquo;intelligence"},"content":{"rendered":"<div class=\"db567aefa9b9073415b194386f2f1045\" data-index=\"3\" style=\"float: none; margin:0px 0 0px 0; text-align:center;\">\n<!-- Code \u00e0 placer \u00e0 l'endroit ou vous voulez afficher les publicit\u00e9s -->\r\n<div id=\"afrikad-slot-1741-p-1\"\r\n     data-afrikad\r\n     data-slot-id=\"1741\" \r\n     data-dynamic-countries=\"tg\"\r\n     style=\"margin: auto; width: 300px; height: 275px;\"><\/div>\r\n\r\n<!-- Code \u00e0 placer de pr\u00e9ference une seule fois en bas de page -->\r\n<script>\r\n    (function (d) {\r\n        if (window.afrikadInit == null) {\r\n            window.afrikadInit = function (sdk) {\r\n                sdk.autoload();\r\n            };\r\n        }\r\n\r\n        var js, ajs = d.getElementsByTagName('script')[0];\r\n        if (d.getElementById('afrikad-sdk')) {\r\n            return;\r\n        }\r\n        js = d.createElement('script');\r\n        js.id = \"afrikad-sdk\";\r\n        js.src = \"https:\/\/www.afrikad.com\/build\/latest\/js\/sdk.js\";\r\n        ajs.parentNode.insertBefore(js, ajs);\r\n    }(document));\r\n<\/script>\n<\/div>\n\n<div class=\"wp-block-columns has-white-background-color has-background is-layout-flex wp-container-core-columns-is-layout-9d6595d7 wp-block-columns-is-layout-flex\">\n<div class=\"wp-block-column popmake-3269 is-layout-flow wp-block-column-is-layout-flow\" style=\"flex-basis:50%\">\n<div class=\"wp-block-columns is-layout-flex wp-container-core-columns-is-layout-9d6595d7 wp-block-columns-is-layout-flex\">\n<div class=\"wp-block-column is-layout-flow wp-block-column-is-layout-flow\" style=\"flex-basis:100%\">\n<figure class=\"wp-block-table\"><table class=\"has-very-light-gray-to-cyan-bluish-gray-gradient-background has-background has-fixed-layout\"><thead><tr><th>Num\u00e9ro<\/th><th>R\u00e9ponses<\/th><\/tr><\/thead><tbody><tr><td>1<\/td><td>2<\/td><\/tr><tr><td>2<\/td><td>3<\/td><\/tr><tr><td>3<\/td><td>2\/5<\/td><\/tr><tr><td>4<\/td><td>4<\/td><\/tr><tr><td>5<\/td><td>12<\/td><\/tr><tr><td>6<\/td><td>8<\/td><\/tr><tr><td>7<\/td><td>4<\/td><\/tr><tr><td>8<\/td><td>3<\/td><\/tr><tr><td>9<\/td><td>320<\/td><\/tr><tr><td>10<\/td><td>2Km<\/td><\/tr><tr><td>11<\/td><td>2<\/td><\/tr><tr><td>12<\/td><td>6 minutes<\/td><\/tr><tr><td>13<\/td><td>5 1 31 1 39 9 19 19 1<\/td><\/tr><tr><td>14<\/td><td>A<\/td><\/tr><tr><td>15<\/td><td>TSR<\/td><\/tr><tr><td>16<\/td><td>10<\/td><\/tr><tr><td>17<\/td><td>30 minutes<\/td><\/tr><tr><td>18<\/td><td>2<\/td><\/tr><tr><td>19<\/td><td>1<\/td><\/tr><tr><td>20<\/td><td>4<\/td><\/tr><tr><td>21<\/td><td>2<\/td><\/tr><tr><td>22<\/td><td>2<\/td><\/tr><tr><td>23<\/td><td>4<\/td><\/tr><tr><td>24<\/td><td>235<\/td><\/tr><tr><td>25<\/td><td>4<\/td><\/tr><tr><td>26<\/td><td>2<\/td><\/tr><tr><td>27<\/td><td>4<\/td><\/tr><tr><td>28<\/td><td>4<\/td><\/tr><tr><td>29<\/td><td>90<\/td><\/tr><tr><td>30<\/td><td>3<\/td><\/tr><tr><td>31<\/td><td>73<\/td><\/tr><tr><td>32<\/td><td>4<\/td><\/tr><tr><td>33<\/td><td>3<\/td><\/tr><tr><td>34<\/td><td>4<\/td><\/tr><tr><td>35<\/td><td>3<\/td><\/tr><tr><td>36<\/td><td>5<\/td><\/tr><tr><td>37<\/td><td>3<\/td><\/tr><tr><td>38<\/td><td>21<\/td><\/tr><tr><td>39<\/td><td>2<\/td><\/tr><tr><td>40<\/td><td>F<\/td><\/tr><tr><td>41<\/td><td>1<\/td><\/tr><tr><td>42<\/td><td>M<\/td><\/tr><tr><td>43<\/td><td>Oui<\/td><\/tr><tr><td>44<\/td><td>4<\/td><\/tr><tr><td>45<\/td><td>1140<\/td><\/tr><tr><td>46<\/td><td>400<\/td><\/tr><tr><td>47<\/td><td>59<\/td><\/tr><\/tbody><\/table><figcaption>Le score se calcule d&rsquo;apr\u00e8s le nombre de r\u00e9ponses exactes. Chacune d&rsquo;entre elles \u00e9quivalent \u00e0 1 point.<\/figcaption><\/figure>\n\n\n\n<p><strong><em><span class=\"has-inline-color has-luminous-vivid-orange-color\">Score<\/span><\/em><\/strong><\/p><div class=\"db567aefa9b9073415b194386f2f1045\" data-index=\"3\" style=\"float: none; margin:0px 0 0px 0; text-align:center;\">\n<!-- Code \u00e0 placer \u00e0 l'endroit ou vous voulez afficher les publicit\u00e9s -->\r\n<div id=\"afrikad-slot-1741-p-1\"\r\n     data-afrikad\r\n     data-slot-id=\"1741\" \r\n     data-dynamic-countries=\"tg\"\r\n     style=\"margin: auto; width: 300px; height: 275px;\"><\/div>\r\n\r\n<!-- Code \u00e0 placer de pr\u00e9ference une seule fois en bas de page -->\r\n<script>\r\n    (function (d) {\r\n        if (window.afrikadInit == null) {\r\n            window.afrikadInit = function (sdk) {\r\n                sdk.autoload();\r\n            };\r\n        }\r\n\r\n        var js, ajs = d.getElementsByTagName('script')[0];\r\n        if (d.getElementById('afrikad-sdk')) {\r\n            return;\r\n        }\r\n        js = d.createElement('script');\r\n        js.id = \"afrikad-sdk\";\r\n        js.src = \"https:\/\/www.afrikad.com\/build\/latest\/js\/sdk.js\";\r\n        ajs.parentNode.insertBefore(js, ajs);\r\n    }(document));\r\n<\/script>\n<\/div>\n\n\n\n\n<p class=\"has-text-align-justify\"><strong>47 = Excellent ; 46 \u00e0 40 = Bon ; 39 \u00e0 20 = Normal ; 19 &#8211; 0 = Insuffisant<\/strong><\/p>\n<\/div>\n<\/div>\n<\/div>\n<\/div>\n\n<div style=\"font-size: 0px; height: 0px; line-height: 0px; margin: 0; padding: 0; clear: both;\"><\/div>","protected":false},"excerpt":{"rendered":"<p>Num\u00e9ro R\u00e9ponses 1 2 2 3 3 2\/5 4 4<\/p>\n","protected":false},"author":122,"featured_media":0,"parent":0,"menu_order":0,"comment_status":"closed","ping_status":"closed","template":"","meta":{"jetpack_post_was_ever_published":false,"footnotes":""},"class_list":["post-5007","page","type-page","status-publish","hentry"],"jetpack_sharing_enabled":true,"jetpack_likes_enabled":true,"_links":{"self":[{"href":"https:\/\/monpsychomag.com\/index.php\/wp-json\/wp\/v2\/pages\/5007","targetHints":{"allow":["GET"]}}],"collection":[{"href":"https:\/\/monpsychomag.com\/index.php\/wp-json\/wp\/v2\/pages"}],"about":[{"href":"https:\/\/monpsychomag.com\/index.php\/wp-json\/wp\/v2\/types\/page"}],"author":[{"embeddable":true,"href":"https:\/\/monpsychomag.com\/index.php\/wp-json\/wp\/v2\/users\/122"}],"replies":[{"embeddable":true,"href":"https:\/\/monpsychomag.com\/index.php\/wp-json\/wp\/v2\/comments?post=5007"}],"version-history":[{"count":1,"href":"https:\/\/monpsychomag.com\/index.php\/wp-json\/wp\/v2\/pages\/5007\/revisions"}],"predecessor-version":[{"id":5015,"href":"https:\/\/monpsychomag.com\/index.php\/wp-json\/wp\/v2\/pages\/5007\/revisions\/5015"}],"wp:attachment":[{"href":"https:\/\/monpsychomag.com\/index.php\/wp-json\/wp\/v2\/media?parent=5007"}],"curies":[{"name":"wp","href":"https:\/\/api.w.org\/{rel}","templated":true}]}}