{"id":2561,"date":"2021-05-08T12:29:18","date_gmt":"2021-05-08T12:29:18","guid":{"rendered":"http:\/\/monpsychomag.com\/?page_id=2561"},"modified":"2021-05-08T13:14:00","modified_gmt":"2021-05-08T13:14:00","slug":"commentaire-de-votre-resultat-au-test-etes-vous-pudique-ou-effronte","status":"publish","type":"page","link":"https:\/\/monpsychomag.com\/index.php\/commentaire-de-votre-resultat-au-test-etes-vous-pudique-ou-effronte\/","title":{"rendered":"Commentaire de votre r\u00e9sultat au test : \u00eates-vous pudique ou effront\u00e9 ?"},"content":{"rendered":"<div class=\"db567aefa9b9073415b194386f2f1045\" data-index=\"3\" style=\"float: none; margin:0px 0 0px 0; text-align:center;\">\n<!-- Code \u00e0 placer \u00e0 l'endroit ou vous voulez afficher les publicit\u00e9s -->\r\n<div id=\"afrikad-slot-1741-p-1\"\r\n     data-afrikad\r\n     data-slot-id=\"1741\" \r\n     data-dynamic-countries=\"tg\"\r\n     style=\"margin: auto; width: 300px; height: 275px;\"><\/div>\r\n\r\n<!-- Code \u00e0 placer de pr\u00e9ference une seule fois en bas de page -->\r\n<script>\r\n    (function (d) {\r\n        if (window.afrikadInit == null) {\r\n            window.afrikadInit = function (sdk) {\r\n                sdk.autoload();\r\n            };\r\n        }\r\n\r\n        var js, ajs = d.getElementsByTagName('script')[0];\r\n        if (d.getElementById('afrikad-sdk')) {\r\n            return;\r\n        }\r\n        js = d.createElement('script');\r\n        js.id = \"afrikad-sdk\";\r\n        js.src = \"https:\/\/www.afrikad.com\/build\/latest\/js\/sdk.js\";\r\n        ajs.parentNode.insertBefore(js, ajs);\r\n    }(document));\r\n<\/script>\n<\/div>\n\n<p class=\"has-text-align-justify\"><strong><span class=\"has-inline-color has-luminous-vivid-orange-color\">Jusqu&rsquo;\u00e0 6 points<\/span><\/strong> : Vous offrez de vous l&rsquo;image d&rsquo;une personne r\u00e9serv\u00e9e; vous savez que vos qualit\u00e9s peuvent demeurer cach\u00e9es et vous pr\u00e9f\u00e9rez ne pas trop vous exposer.<\/p>\n\n\n\n<p class=\"has-text-align-justify\"><strong><span class=\"has-inline-color has-luminous-vivid-orange-color\">De 7 \u00e0 11 points<\/span><\/strong> : Vous \u00eates fonci\u00e8rement honn\u00eate: incapable de tricher, vous vous montrez tel que vous \u00eates, mais vous n&rsquo;osez pas vous aventurer en terrain inconnu.<\/p><div class=\"db567aefa9b9073415b194386f2f1045\" data-index=\"3\" style=\"float: none; margin:0px 0 0px 0; text-align:center;\">\n<!-- Code \u00e0 placer \u00e0 l'endroit ou vous voulez afficher les publicit\u00e9s -->\r\n<div id=\"afrikad-slot-1741-p-1\"\r\n     data-afrikad\r\n     data-slot-id=\"1741\" \r\n     data-dynamic-countries=\"tg\"\r\n     style=\"margin: auto; width: 300px; height: 275px;\"><\/div>\r\n\r\n<!-- Code \u00e0 placer de pr\u00e9ference une seule fois en bas de page -->\r\n<script>\r\n    (function (d) {\r\n        if (window.afrikadInit == null) {\r\n            window.afrikadInit = function (sdk) {\r\n                sdk.autoload();\r\n            };\r\n        }\r\n\r\n        var js, ajs = d.getElementsByTagName('script')[0];\r\n        if (d.getElementById('afrikad-sdk')) {\r\n            return;\r\n        }\r\n        js = d.createElement('script');\r\n        js.id = \"afrikad-sdk\";\r\n        js.src = \"https:\/\/www.afrikad.com\/build\/latest\/js\/sdk.js\";\r\n        ajs.parentNode.insertBefore(js, ajs);\r\n    }(document));\r\n<\/script>\n<\/div>\n\n\n\n\n<p class=\"has-text-align-justify\"><strong><span class=\"has-inline-color has-luminous-vivid-orange-color\">De 12 \u00e0 15 points<\/span><\/strong> : Vous voulez toujours \u00eatre au centre de l&rsquo;attention et vous faites tout votre possible pour ne pas passer inaper\u00e7u. vous aimez plaisanter, la compagnie et l&rsquo;ostentation.<\/p>\n\n\n\n<p class=\"has-text-align-justify\">NB: Les scores sont discutables. Seul un psychologue peut interpr\u00e9ter vos r\u00e9sultats et vous donner un sens psychologique. Si vous souhaitez plus d&rsquo;\u00e9claircissement sur votre r\u00e9sultat, <strong><a href=\"https:\/\/monpsychomag.com\/index.php\/monpsycho-jai-une-question\/\"><span class=\"has-inline-color has-luminous-vivid-orange-color\">contactez l&rsquo;administration de MONPSYCHOMAG<\/span><\/a><span class=\"has-inline-color has-luminous-vivid-orange-color\"> <\/span><\/strong>ici.<\/p>\n\n<div style=\"font-size: 0px; height: 0px; line-height: 0px; margin: 0; padding: 0; clear: both;\"><\/div>","protected":false},"excerpt":{"rendered":"<p>Jusqu&rsquo;\u00e0 6 points : Vous offrez de vous l&rsquo;image d&rsquo;une<\/p>\n","protected":false},"author":2,"featured_media":0,"parent":0,"menu_order":0,"comment_status":"closed","ping_status":"closed","template":"","meta":{"jetpack_post_was_ever_published":false,"footnotes":""},"class_list":["post-2561","page","type-page","status-publish","hentry"],"jetpack_sharing_enabled":true,"jetpack_likes_enabled":true,"_links":{"self":[{"href":"https:\/\/monpsychomag.com\/index.php\/wp-json\/wp\/v2\/pages\/2561","targetHints":{"allow":["GET"]}}],"collection":[{"href":"https:\/\/monpsychomag.com\/index.php\/wp-json\/wp\/v2\/pages"}],"about":[{"href":"https:\/\/monpsychomag.com\/index.php\/wp-json\/wp\/v2\/types\/page"}],"author":[{"embeddable":true,"href":"https:\/\/monpsychomag.com\/index.php\/wp-json\/wp\/v2\/users\/2"}],"replies":[{"embeddable":true,"href":"https:\/\/monpsychomag.com\/index.php\/wp-json\/wp\/v2\/comments?post=2561"}],"version-history":[{"count":4,"href":"https:\/\/monpsychomag.com\/index.php\/wp-json\/wp\/v2\/pages\/2561\/revisions"}],"predecessor-version":[{"id":2572,"href":"https:\/\/monpsychomag.com\/index.php\/wp-json\/wp\/v2\/pages\/2561\/revisions\/2572"}],"wp:attachment":[{"href":"https:\/\/monpsychomag.com\/index.php\/wp-json\/wp\/v2\/media?parent=2561"}],"curies":[{"name":"wp","href":"https:\/\/api.w.org\/{rel}","templated":true}]}}