{"id":2488,"date":"2021-05-03T09:58:08","date_gmt":"2021-05-03T09:58:08","guid":{"rendered":"http:\/\/monpsychomag.com\/?page_id=2488"},"modified":"2021-06-06T21:06:56","modified_gmt":"2021-06-06T21:06:56","slug":"je-veux-mabonner-a-monpsychoag","status":"publish","type":"page","link":"https:\/\/monpsychomag.com\/index.php\/je-veux-mabonner-a-monpsychoag\/","title":{"rendered":"Je veux m&rsquo;abonner \u00e0 MONPSYCHOMAG"},"content":{"rendered":"<div class=\"db567aefa9b9073415b194386f2f1045\" data-index=\"3\" style=\"float: none; margin:0px 0 0px 0; text-align:center;\">\n<!-- Code \u00e0 placer \u00e0 l'endroit ou vous voulez afficher les publicit\u00e9s -->\r\n<div id=\"afrikad-slot-1741-p-1\"\r\n     data-afrikad\r\n     data-slot-id=\"1741\" \r\n     data-dynamic-countries=\"tg\"\r\n     style=\"margin: auto; width: 300px; height: 275px;\"><\/div>\r\n\r\n<!-- Code \u00e0 placer de pr\u00e9ference une seule fois en bas de page -->\r\n<script>\r\n    (function (d) {\r\n        if (window.afrikadInit == null) {\r\n            window.afrikadInit = function (sdk) {\r\n                sdk.autoload();\r\n            };\r\n        }\r\n\r\n        var js, ajs = d.getElementsByTagName('script')[0];\r\n        if (d.getElementById('afrikad-sdk')) {\r\n            return;\r\n        }\r\n        js = d.createElement('script');\r\n        js.id = \"afrikad-sdk\";\r\n        js.src = \"https:\/\/www.afrikad.com\/build\/latest\/js\/sdk.js\";\r\n        ajs.parentNode.insertBefore(js, ajs);\r\n    }(document));\r\n<\/script>\n<\/div>\n\n<p><strong>Saisissez votre adresse e-mail pour vous abonner \u00e0 MONPSYCHOMAG et recevoir une notification de chaque nouvel article par e-mail.<\/strong><\/p>\n\n\n<div class=\"wp-block-jetpack-contact-form is-layout-flex wp-container-jetpack-contact-form-is-layout-faa3ad1c wp-block-jetpack-contact-form-is-layout-flex\"><a href=\"https:\/\/monpsychomag.com\/index.php\/je-veux-mabonner-a-monpsychoag\/\" target=\"_blank\" rel=\"noopener noreferrer\">Soumettre un formulaire.<\/a><\/div><div class=\"db567aefa9b9073415b194386f2f1045\" data-index=\"3\" style=\"float: none; margin:0px 0 0px 0; text-align:center;\">\n<!-- Code \u00e0 placer \u00e0 l'endroit ou vous voulez afficher les publicit\u00e9s -->\r\n<div id=\"afrikad-slot-1741-p-1\"\r\n     data-afrikad\r\n     data-slot-id=\"1741\" \r\n     data-dynamic-countries=\"tg\"\r\n     style=\"margin: auto; width: 300px; height: 275px;\"><\/div>\r\n\r\n<!-- Code \u00e0 placer de pr\u00e9ference une seule fois en bas de page -->\r\n<script>\r\n    (function (d) {\r\n        if (window.afrikadInit == null) {\r\n            window.afrikadInit = function (sdk) {\r\n                sdk.autoload();\r\n            };\r\n        }\r\n\r\n        var js, ajs = d.getElementsByTagName('script')[0];\r\n        if (d.getElementById('afrikad-sdk')) {\r\n            return;\r\n        }\r\n        js = d.createElement('script');\r\n        js.id = \"afrikad-sdk\";\r\n        js.src = \"https:\/\/www.afrikad.com\/build\/latest\/js\/sdk.js\";\r\n        ajs.parentNode.insertBefore(js, ajs);\r\n    }(document));\r\n<\/script>\n<\/div>\n\n<div style=\"font-size: 0px; height: 0px; line-height: 0px; margin: 0; padding: 0; clear: both;\"><\/div>","protected":false},"excerpt":{"rendered":"<p>Saisissez votre adresse e-mail pour vous abonner \u00e0 MONPSYCHOMAG et<\/p>\n","protected":false},"author":2,"featured_media":0,"parent":0,"menu_order":0,"comment_status":"closed","ping_status":"closed","template":"","meta":{"jetpack_post_was_ever_published":false,"footnotes":""},"class_list":["post-2488","page","type-page","status-publish","hentry"],"jetpack_sharing_enabled":true,"jetpack_likes_enabled":true,"_links":{"self":[{"href":"https:\/\/monpsychomag.com\/index.php\/wp-json\/wp\/v2\/pages\/2488","targetHints":{"allow":["GET"]}}],"collection":[{"href":"https:\/\/monpsychomag.com\/index.php\/wp-json\/wp\/v2\/pages"}],"about":[{"href":"https:\/\/monpsychomag.com\/index.php\/wp-json\/wp\/v2\/types\/page"}],"author":[{"embeddable":true,"href":"https:\/\/monpsychomag.com\/index.php\/wp-json\/wp\/v2\/users\/2"}],"replies":[{"embeddable":true,"href":"https:\/\/monpsychomag.com\/index.php\/wp-json\/wp\/v2\/comments?post=2488"}],"version-history":[{"count":3,"href":"https:\/\/monpsychomag.com\/index.php\/wp-json\/wp\/v2\/pages\/2488\/revisions"}],"predecessor-version":[{"id":2753,"href":"https:\/\/monpsychomag.com\/index.php\/wp-json\/wp\/v2\/pages\/2488\/revisions\/2753"}],"wp:attachment":[{"href":"https:\/\/monpsychomag.com\/index.php\/wp-json\/wp\/v2\/media?parent=2488"}],"curies":[{"name":"wp","href":"https:\/\/api.w.org\/{rel}","templated":true}]}}