{"id":1188,"date":"2020-11-22T11:56:10","date_gmt":"2020-11-22T11:56:10","guid":{"rendered":"http:\/\/monpsychomag.com\/?page_id=1188"},"modified":"2020-11-22T12:01:38","modified_gmt":"2020-11-22T12:01:38","slug":"commentaire-de-votre-score","status":"publish","type":"page","link":"https:\/\/monpsychomag.com\/index.php\/commentaire-de-votre-score\/","title":{"rendered":"Commentaire de votre score"},"content":{"rendered":"<div class=\"db567aefa9b9073415b194386f2f1045\" data-index=\"3\" style=\"float: none; margin:0px 0 0px 0; text-align:center;\">\n<!-- Code \u00e0 placer \u00e0 l'endroit ou vous voulez afficher les publicit\u00e9s -->\r\n<div id=\"afrikad-slot-1741-p-1\"\r\n     data-afrikad\r\n     data-slot-id=\"1741\" \r\n     data-dynamic-countries=\"tg\"\r\n     style=\"margin: auto; width: 300px; height: 275px;\"><\/div>\r\n\r\n<!-- Code \u00e0 placer de pr\u00e9ference une seule fois en bas de page -->\r\n<script>\r\n    (function (d) {\r\n        if (window.afrikadInit == null) {\r\n            window.afrikadInit = function (sdk) {\r\n                sdk.autoload();\r\n            };\r\n        }\r\n\r\n        var js, ajs = d.getElementsByTagName('script')[0];\r\n        if (d.getElementById('afrikad-sdk')) {\r\n            return;\r\n        }\r\n        js = d.createElement('script');\r\n        js.id = \"afrikad-sdk\";\r\n        js.src = \"https:\/\/www.afrikad.com\/build\/latest\/js\/sdk.js\";\r\n        ajs.parentNode.insertBefore(js, ajs);\r\n    }(document));\r\n<\/script>\n<\/div>\n\n<h2 class=\"wp-block-heading\"><strong><span class=\"has-inline-color has-vivid-green-cyan-color\">30 points et plus<\/span><\/strong><\/h2>\n\n\n\n<p>Attention ! Il semble que la col\u00e8re soit votre fid\u00e8le compagne. Mais avec quelles cons\u00e9quences sur les autres et sur vous-m\u00eame ? Il est temps de vous remettre en question. Apprenez \u00e0<a href=\"https:\/\/monpsychomag.com\/index.php\/2020\/07\/14\/comment-exprimer-sa-colere-sans-violence\/\"> <strong><span class=\"has-inline-color has-black-color\">exprimer votre col\u00e8re<\/span><\/strong><\/a>.<\/p><div class=\"db567aefa9b9073415b194386f2f1045\" data-index=\"3\" style=\"float: none; margin:0px 0 0px 0; text-align:center;\">\n<!-- Code \u00e0 placer \u00e0 l'endroit ou vous voulez afficher les publicit\u00e9s -->\r\n<div id=\"afrikad-slot-1741-p-1\"\r\n     data-afrikad\r\n     data-slot-id=\"1741\" \r\n     data-dynamic-countries=\"tg\"\r\n     style=\"margin: auto; width: 300px; height: 275px;\"><\/div>\r\n\r\n<!-- Code \u00e0 placer de pr\u00e9ference une seule fois en bas de page -->\r\n<script>\r\n    (function (d) {\r\n        if (window.afrikadInit == null) {\r\n            window.afrikadInit = function (sdk) {\r\n                sdk.autoload();\r\n            };\r\n        }\r\n\r\n        var js, ajs = d.getElementsByTagName('script')[0];\r\n        if (d.getElementById('afrikad-sdk')) {\r\n            return;\r\n        }\r\n        js = d.createElement('script');\r\n        js.id = \"afrikad-sdk\";\r\n        js.src = \"https:\/\/www.afrikad.com\/build\/latest\/js\/sdk.js\";\r\n        ajs.parentNode.insertBefore(js, ajs);\r\n    }(document));\r\n<\/script>\n<\/div>\n\n\n\n\n<h2 class=\"wp-block-heading\"><strong><span class=\"has-inline-color has-vivid-green-cyan-color\">Entre 10 et 29 points<\/span><\/strong><\/h2>\n\n\n\n<p>Vous n&rsquo;\u00eates pas particuli\u00e8rement col\u00e9rique. Toutefois, un total d\u00e9passant 20 indique d\u00e9j\u00e0 une tendance \u00e0 la col\u00e8re.<\/p>\n\n\n\n<h2 class=\"wp-block-heading\"><strong><span class=\"has-inline-color has-vivid-green-cyan-color\">9 points ou moins<\/span><\/strong><\/h2>\n\n\n\n<p><strong><span class=\"has-inline-color has-vivid-red-color\">Attention !<\/span><\/strong> il semble que vous refusiez la col\u00e8re, ce qui peut mener \u00e0 des comportements inadapt\u00e9s. Avez-vous l&rsquo;impression de ne pas \u00eatre respect\u00e9(e) que les autres vous marchent dessus ? II est temps de r\u00e9agir et de vous r\u00e9concilier avec la col\u00e8re.<\/p>\n\n<div style=\"font-size: 0px; height: 0px; line-height: 0px; margin: 0; padding: 0; clear: both;\"><\/div>","protected":false},"excerpt":{"rendered":"<p>30 points et plus Attention ! Il semble que la<\/p>\n","protected":false},"author":2,"featured_media":0,"parent":0,"menu_order":0,"comment_status":"closed","ping_status":"closed","template":"","meta":{"jetpack_post_was_ever_published":false,"footnotes":""},"class_list":["post-1188","page","type-page","status-publish","hentry"],"jetpack_sharing_enabled":true,"jetpack_likes_enabled":true,"_links":{"self":[{"href":"https:\/\/monpsychomag.com\/index.php\/wp-json\/wp\/v2\/pages\/1188","targetHints":{"allow":["GET"]}}],"collection":[{"href":"https:\/\/monpsychomag.com\/index.php\/wp-json\/wp\/v2\/pages"}],"about":[{"href":"https:\/\/monpsychomag.com\/index.php\/wp-json\/wp\/v2\/types\/page"}],"author":[{"embeddable":true,"href":"https:\/\/monpsychomag.com\/index.php\/wp-json\/wp\/v2\/users\/2"}],"replies":[{"embeddable":true,"href":"https:\/\/monpsychomag.com\/index.php\/wp-json\/wp\/v2\/comments?post=1188"}],"version-history":[{"count":2,"href":"https:\/\/monpsychomag.com\/index.php\/wp-json\/wp\/v2\/pages\/1188\/revisions"}],"predecessor-version":[{"id":1191,"href":"https:\/\/monpsychomag.com\/index.php\/wp-json\/wp\/v2\/pages\/1188\/revisions\/1191"}],"wp:attachment":[{"href":"https:\/\/monpsychomag.com\/index.php\/wp-json\/wp\/v2\/media?parent=1188"}],"curies":[{"name":"wp","href":"https:\/\/api.w.org\/{rel}","templated":true}]}}