{"id":1161,"date":"2020-11-20T12:26:08","date_gmt":"2020-11-20T12:26:08","guid":{"rendered":"http:\/\/monpsychomag.com\/?page_id=1161"},"modified":"2020-11-20T12:26:09","modified_gmt":"2020-11-20T12:26:09","slug":"commentaire-de-votre-resultat","status":"publish","type":"page","link":"https:\/\/monpsychomag.com\/index.php\/commentaire-de-votre-resultat\/","title":{"rendered":"Commentaire de votre r\u00e9sultat"},"content":{"rendered":"<div class=\"db567aefa9b9073415b194386f2f1045\" data-index=\"3\" style=\"float: none; margin:0px 0 0px 0; text-align:center;\">\n<!-- Code \u00e0 placer \u00e0 l'endroit ou vous voulez afficher les publicit\u00e9s -->\r\n<div id=\"afrikad-slot-1741-p-1\"\r\n     data-afrikad\r\n     data-slot-id=\"1741\" \r\n     data-dynamic-countries=\"tg\"\r\n     style=\"margin: auto; width: 300px; height: 275px;\"><\/div>\r\n\r\n<!-- Code \u00e0 placer de pr\u00e9ference une seule fois en bas de page -->\r\n<script>\r\n    (function (d) {\r\n        if (window.afrikadInit == null) {\r\n            window.afrikadInit = function (sdk) {\r\n                sdk.autoload();\r\n            };\r\n        }\r\n\r\n        var js, ajs = d.getElementsByTagName('script')[0];\r\n        if (d.getElementById('afrikad-sdk')) {\r\n            return;\r\n        }\r\n        js = d.createElement('script');\r\n        js.id = \"afrikad-sdk\";\r\n        js.src = \"https:\/\/www.afrikad.com\/build\/latest\/js\/sdk.js\";\r\n        ajs.parentNode.insertBefore(js, ajs);\r\n    }(document));\r\n<\/script>\n<\/div>\n\n<h2 class=\"wp-block-heading\"><strong><span class=\"has-inline-color has-vivid-green-cyan-color\">Vous avez 101 \u00e0 126 points<\/span><\/strong><\/h2>\n\n\n\n<p>Le ma\u00eetre zen.<br>L&rsquo;esprit zen , c&rsquo;est votre nature profonde vous adoptez les principes d&rsquo;une vie saine et attachez une grande importance aux notions d&rsquo;authenticit\u00e9 et de coh\u00e9rence entre vos convictions et votre comportement. La derni\u00e8re personne qui vous a vu(e) en col\u00e8re dois encore s&rsquo;en souvenir, tellement c&rsquo;est rare ! <\/p>\n\n\n\n<h2 class=\"wp-block-heading\"><strong><span class=\"has-inline-color has-vivid-green-cyan-color\">Vous avez 76 \u00e0 100 points<\/span><\/strong><\/h2>\n\n\n\n<p>Le moine zen<br>Vous vous sentez proche de la philosophie zen. Vous semblez savoir contr\u00f4ler vos \u00e9motions dans une bonne mesure car vous avez d\u00e9j\u00e0 engag\u00e9 une d\u00e9marche de d\u00e9veloppement personnel notamment dans le d\u00e9veloppement des valeurs personnelles, la communication et les relations humaines, la spiritualit\u00e9 et tout ce qui concerne la gestion de la sant\u00e9 \u00a0\u00bbau naturel\u00a0\u00bb. Si vous voulez acc\u00e9der au statut de \u00a0\u00bbma\u00eetre\u00a0\u00bb<br>Il vous faudrait faire un travail quotidien sur vous-m\u00eame\u2026<\/p>\n\n\n\n<h2 class=\"wp-block-heading\"><strong><span class=\"has-inline-color has-vivid-green-cyan-color\">Vous avez de 51 \u00e0 75 points<\/span><\/strong><\/h2>\n\n\n\n<p>L&rsquo;apprenti zen.<br>Le zen vous int\u00e9resse, mais vous vous demander parfois s&rsquo;il s&rsquo;agit d&rsquo;une mode ou d&rsquo;une r\u00e9elle n\u00e9cessit\u00e9\u2026. Comme vous \u00eates plut\u00f4t altruiste et soucieux (se) des autres, vous pouvez \u00eatre inquiet (e) pour l&rsquo;avenir de vos proches. Aussi vous pensez qu&rsquo;\u00eatre zen ne sera que tout b\u00e9n\u00e9fice pour tout le monde. Et vous n&rsquo;avez pas tort. Un travail r\u00e9gulier avec ce cahier vous mettra sur la voie\u2026..<\/p><div class=\"db567aefa9b9073415b194386f2f1045\" data-index=\"3\" style=\"float: none; margin:0px 0 0px 0; text-align:center;\">\n<!-- Code \u00e0 placer \u00e0 l'endroit ou vous voulez afficher les publicit\u00e9s -->\r\n<div id=\"afrikad-slot-1741-p-1\"\r\n     data-afrikad\r\n     data-slot-id=\"1741\" \r\n     data-dynamic-countries=\"tg\"\r\n     style=\"margin: auto; width: 300px; height: 275px;\"><\/div>\r\n\r\n<!-- Code \u00e0 placer de pr\u00e9ference une seule fois en bas de page -->\r\n<script>\r\n    (function (d) {\r\n        if (window.afrikadInit == null) {\r\n            window.afrikadInit = function (sdk) {\r\n                sdk.autoload();\r\n            };\r\n        }\r\n\r\n        var js, ajs = d.getElementsByTagName('script')[0];\r\n        if (d.getElementById('afrikad-sdk')) {\r\n            return;\r\n        }\r\n        js = d.createElement('script');\r\n        js.id = \"afrikad-sdk\";\r\n        js.src = \"https:\/\/www.afrikad.com\/build\/latest\/js\/sdk.js\";\r\n        ajs.parentNode.insertBefore(js, ajs);\r\n    }(document));\r\n<\/script>\n<\/div>\n\n\n\n\n<p>Vous avez de 25 \u00e0 50 points<\/p>\n\n\n\n<p>L&rsquo;aspirant zen<br>Comme vous avez du mal \u00e0 contr\u00f4ler vos \u00e9motions, auriez peu contrari\u00e9 une \u00e9preuve peux vous angoisser. Aussi, vous pr\u00e9f\u00e9rez \u00e9viter les situations difficiles et \u00e9luder les questions d\u00e9licates. \u00catre \u00a0\u00bbreserv\u00e9(e) et discret (e) ce n&rsquo;est pas \u00eatre \u00a0\u00bbzen\u00a0\u00bb.vous auriez un grand avantage outre \u00e0 travailler r\u00e9guli\u00e8rement les bases du zen \u00e0 d\u00e9couvrir et exploiter aux ressources cach\u00e9s : vous en avez plus qu&rsquo;il n&rsquo;en faut<\/p>\n\n\n\n<h2 class=\"wp-block-heading\"><strong><span class=\"has-inline-color has-vivid-green-cyan-color\">Vous avez de 0 \u00e0 25 points<\/span><\/strong><\/h2>\n\n\n\n<p>Zen? Dans une autre vie !<br>De la famille des &lt;piles \u00e9lectriques> vous vous \u00e9nervez \u00e0 la moindre petite contrari\u00e9t\u00e9. Bien s\u00fbr, le monde va mal, mais ce n&rsquo;est pas une raison pour en rajouter\u2026.. Si vous lisez cet article, c&rsquo;est qu&rsquo;on vous la probablement offert. Alors n&rsquo;h\u00e9sitez pas: plongez-y t\u00eate baiss\u00e9e en faisant et refaisant les exercices. Avec un peu de patience et de temps vous d\u00e9couvrirez une nouvelle fa\u00e7on d&rsquo;\u00eatre et peut-\u00eatre une autre vie !<\/p>\n\n<div style=\"font-size: 0px; height: 0px; line-height: 0px; margin: 0; padding: 0; clear: both;\"><\/div>","protected":false},"excerpt":{"rendered":"<p>Vous avez 101 \u00e0 126 points Le ma\u00eetre zen.L&rsquo;esprit zen<\/p>\n","protected":false},"author":122,"featured_media":0,"parent":0,"menu_order":0,"comment_status":"closed","ping_status":"closed","template":"","meta":{"jetpack_post_was_ever_published":false,"footnotes":""},"class_list":["post-1161","page","type-page","status-publish","hentry"],"jetpack_sharing_enabled":true,"jetpack_likes_enabled":true,"_links":{"self":[{"href":"https:\/\/monpsychomag.com\/index.php\/wp-json\/wp\/v2\/pages\/1161","targetHints":{"allow":["GET"]}}],"collection":[{"href":"https:\/\/monpsychomag.com\/index.php\/wp-json\/wp\/v2\/pages"}],"about":[{"href":"https:\/\/monpsychomag.com\/index.php\/wp-json\/wp\/v2\/types\/page"}],"author":[{"embeddable":true,"href":"https:\/\/monpsychomag.com\/index.php\/wp-json\/wp\/v2\/users\/122"}],"replies":[{"embeddable":true,"href":"https:\/\/monpsychomag.com\/index.php\/wp-json\/wp\/v2\/comments?post=1161"}],"version-history":[{"count":1,"href":"https:\/\/monpsychomag.com\/index.php\/wp-json\/wp\/v2\/pages\/1161\/revisions"}],"predecessor-version":[{"id":1162,"href":"https:\/\/monpsychomag.com\/index.php\/wp-json\/wp\/v2\/pages\/1161\/revisions\/1162"}],"wp:attachment":[{"href":"https:\/\/monpsychomag.com\/index.php\/wp-json\/wp\/v2\/media?parent=1161"}],"curies":[{"name":"wp","href":"https:\/\/api.w.org\/{rel}","templated":true}]}}