{"id":1041,"date":"2020-10-31T22:35:26","date_gmt":"2020-10-31T22:35:26","guid":{"rendered":"http:\/\/monpsychomag.com\/?page_id=1041"},"modified":"2020-10-31T23:05:09","modified_gmt":"2020-10-31T23:05:09","slug":"calculez-votre-score-au-test-de-type-de-peau","status":"publish","type":"page","link":"https:\/\/monpsychomag.com\/index.php\/calculez-votre-score-au-test-de-type-de-peau\/","title":{"rendered":"Calculez votre score au test de type de peau"},"content":{"rendered":"<div class=\"db567aefa9b9073415b194386f2f1045\" data-index=\"3\" style=\"float: none; margin:0px 0 0px 0; text-align:center;\">\n<!-- Code \u00e0 placer \u00e0 l'endroit ou vous voulez afficher les publicit\u00e9s -->\r\n<div id=\"afrikad-slot-1741-p-1\"\r\n     data-afrikad\r\n     data-slot-id=\"1741\" \r\n     data-dynamic-countries=\"tg\"\r\n     style=\"margin: auto; width: 300px; height: 275px;\"><\/div>\r\n\r\n<!-- Code \u00e0 placer de pr\u00e9ference une seule fois en bas de page -->\r\n<script>\r\n    (function (d) {\r\n        if (window.afrikadInit == null) {\r\n            window.afrikadInit = function (sdk) {\r\n                sdk.autoload();\r\n            };\r\n        }\r\n\r\n        var js, ajs = d.getElementsByTagName('script')[0];\r\n        if (d.getElementById('afrikad-sdk')) {\r\n            return;\r\n        }\r\n        js = d.createElement('script');\r\n        js.id = \"afrikad-sdk\";\r\n        js.src = \"https:\/\/www.afrikad.com\/build\/latest\/js\/sdk.js\";\r\n        ajs.parentNode.insertBefore(js, ajs);\r\n    }(document));\r\n<\/script>\n<\/div>\n\n<p>1a=10 1b=20 1c=30 1d=40<\/p>\n\n\n\n<p>2a=10 2b=20 2c=30 2d=40<\/p>\n\n\n\n<p>3a=10 3b=20 3c=30 3d=40<\/p>\n\n\n\n<p>4a=10 4b=20 4c=30 4d=40<\/p>\n\n\n\n<p>Chaque r\u00e9ponse que vous avez fournie correspond \u00e0 un chiffre (exemple: a=3; b=2) additionnez tous les points obtenus puis, en fonction de votre score final, lisez l\u2019un des commentaires en <a href=\"https:\/\/monpsychomag.com\/index.php\/commentaire-de-resultat-au-test-de-type-de-peau\/\"><strong>cliquant ici<\/strong><\/a><\/p><div class=\"db567aefa9b9073415b194386f2f1045\" data-index=\"3\" style=\"float: none; margin:0px 0 0px 0; text-align:center;\">\n<!-- Code \u00e0 placer \u00e0 l'endroit ou vous voulez afficher les publicit\u00e9s -->\r\n<div id=\"afrikad-slot-1741-p-1\"\r\n     data-afrikad\r\n     data-slot-id=\"1741\" \r\n     data-dynamic-countries=\"tg\"\r\n     style=\"margin: auto; width: 300px; height: 275px;\"><\/div>\r\n\r\n<!-- Code \u00e0 placer de pr\u00e9ference une seule fois en bas de page -->\r\n<script>\r\n    (function (d) {\r\n        if (window.afrikadInit == null) {\r\n            window.afrikadInit = function (sdk) {\r\n                sdk.autoload();\r\n            };\r\n        }\r\n\r\n        var js, ajs = d.getElementsByTagName('script')[0];\r\n        if (d.getElementById('afrikad-sdk')) {\r\n            return;\r\n        }\r\n        js = d.createElement('script');\r\n        js.id = \"afrikad-sdk\";\r\n        js.src = \"https:\/\/www.afrikad.com\/build\/latest\/js\/sdk.js\";\r\n        ajs.parentNode.insertBefore(js, ajs);\r\n    }(document));\r\n<\/script>\n<\/div>\n\n\n\n\n<p><strong>NB: Les commentaires de vos r\u00e9sultats sont factur\u00e9s \u00e0 2Euro. Cliquez&nbsp;<a href=\"https:\/\/wa.me\/+22899924341\"><span class=\"has-inline-color has-vivid-red-color\">ici<\/span><\/a>&nbsp;pour effectuer votre paiement afin d\u2019obtenir votre code.<\/strong><\/p>\n\n<div style=\"font-size: 0px; height: 0px; line-height: 0px; margin: 0; padding: 0; clear: both;\"><\/div>","protected":false},"excerpt":{"rendered":"<p>1a=10 1b=20 1c=30 1d=40 2a=10 2b=20 2c=30 2d=40 3a=10 3b=20<\/p>\n","protected":false},"author":122,"featured_media":0,"parent":0,"menu_order":0,"comment_status":"closed","ping_status":"closed","template":"","meta":{"jetpack_post_was_ever_published":false,"footnotes":""},"class_list":["post-1041","page","type-page","status-publish","hentry"],"jetpack_sharing_enabled":true,"jetpack_likes_enabled":true,"_links":{"self":[{"href":"https:\/\/monpsychomag.com\/index.php\/wp-json\/wp\/v2\/pages\/1041","targetHints":{"allow":["GET"]}}],"collection":[{"href":"https:\/\/monpsychomag.com\/index.php\/wp-json\/wp\/v2\/pages"}],"about":[{"href":"https:\/\/monpsychomag.com\/index.php\/wp-json\/wp\/v2\/types\/page"}],"author":[{"embeddable":true,"href":"https:\/\/monpsychomag.com\/index.php\/wp-json\/wp\/v2\/users\/122"}],"replies":[{"embeddable":true,"href":"https:\/\/monpsychomag.com\/index.php\/wp-json\/wp\/v2\/comments?post=1041"}],"version-history":[{"count":3,"href":"https:\/\/monpsychomag.com\/index.php\/wp-json\/wp\/v2\/pages\/1041\/revisions"}],"predecessor-version":[{"id":1049,"href":"https:\/\/monpsychomag.com\/index.php\/wp-json\/wp\/v2\/pages\/1041\/revisions\/1049"}],"wp:attachment":[{"href":"https:\/\/monpsychomag.com\/index.php\/wp-json\/wp\/v2\/media?parent=1041"}],"curies":[{"name":"wp","href":"https:\/\/api.w.org\/{rel}","templated":true}]}}