{"id":1026,"date":"2020-10-30T19:17:15","date_gmt":"2020-10-30T19:17:15","guid":{"rendered":"http:\/\/monpsychomag.com\/?page_id=1026"},"modified":"2020-11-05T07:01:52","modified_gmt":"2020-11-05T07:01:52","slug":"resultat-au-test-etes-vous-orgueilleux-ou-modeste","status":"publish","type":"page","link":"https:\/\/monpsychomag.com\/index.php\/resultat-au-test-etes-vous-orgueilleux-ou-modeste\/","title":{"rendered":"Calcul du score au test: Etes-vous orgueilleux ou modeste ?"},"content":{"rendered":"<div class=\"db567aefa9b9073415b194386f2f1045\" data-index=\"3\" style=\"float: none; margin:0px 0 0px 0; text-align:center;\">\n<!-- Code \u00e0 placer \u00e0 l'endroit ou vous voulez afficher les publicit\u00e9s -->\r\n<div id=\"afrikad-slot-1741-p-1\"\r\n     data-afrikad\r\n     data-slot-id=\"1741\" \r\n     data-dynamic-countries=\"tg\"\r\n     style=\"margin: auto; width: 300px; height: 275px;\"><\/div>\r\n\r\n<!-- Code \u00e0 placer de pr\u00e9ference une seule fois en bas de page -->\r\n<script>\r\n    (function (d) {\r\n        if (window.afrikadInit == null) {\r\n            window.afrikadInit = function (sdk) {\r\n                sdk.autoload();\r\n            };\r\n        }\r\n\r\n        var js, ajs = d.getElementsByTagName('script')[0];\r\n        if (d.getElementById('afrikad-sdk')) {\r\n            return;\r\n        }\r\n        js = d.createElement('script');\r\n        js.id = \"afrikad-sdk\";\r\n        js.src = \"https:\/\/www.afrikad.com\/build\/latest\/js\/sdk.js\";\r\n        ajs.parentNode.insertBefore(js, ajs);\r\n    }(document));\r\n<\/script>\n<\/div>\n\n<h2 class=\"wp-block-heading\">Calcul de votre score<\/h2>\n\n\n\n<p>1a=3 1b=2 1c=1<\/p>\n\n\n\n<p>2a=1 2b=3 2c=2<\/p>\n\n\n\n<p>3a=3 3b=2 3c=1<\/p>\n\n\n\n<p>4a=1 4b=2 4c=3<\/p>\n\n\n\n<p>5a=3 5b=1 5c=2<\/p>\n\n\n\n<p>6a=2 6b=3 6c=1<\/p>\n\n\n\n<p>7a=3 7b=2 7c=1<\/p>\n\n\n\n<p>Chaque r\u00e9ponse que vous avez fournie correspond \u00e0 un chiffre (exemple: a=3; b=2) addditionnez tous les points obtenus puis, en fonction de votre score final, lisez l&rsquo;un des commentaires en <a href=\"https:\/\/monpsychomag.com\/index.php\/commentaire-des-resultats\/\"><strong><span class=\"has-inline-color has-vivid-red-color\">cliquant ici<\/span><\/strong><\/a><\/p><div class=\"db567aefa9b9073415b194386f2f1045\" data-index=\"3\" style=\"float: none; margin:0px 0 0px 0; text-align:center;\">\n<!-- Code \u00e0 placer \u00e0 l'endroit ou vous voulez afficher les publicit\u00e9s -->\r\n<div id=\"afrikad-slot-1741-p-1\"\r\n     data-afrikad\r\n     data-slot-id=\"1741\" \r\n     data-dynamic-countries=\"tg\"\r\n     style=\"margin: auto; width: 300px; height: 275px;\"><\/div>\r\n\r\n<!-- Code \u00e0 placer de pr\u00e9ference une seule fois en bas de page -->\r\n<script>\r\n    (function (d) {\r\n        if (window.afrikadInit == null) {\r\n            window.afrikadInit = function (sdk) {\r\n                sdk.autoload();\r\n            };\r\n        }\r\n\r\n        var js, ajs = d.getElementsByTagName('script')[0];\r\n        if (d.getElementById('afrikad-sdk')) {\r\n            return;\r\n        }\r\n        js = d.createElement('script');\r\n        js.id = \"afrikad-sdk\";\r\n        js.src = \"https:\/\/www.afrikad.com\/build\/latest\/js\/sdk.js\";\r\n        ajs.parentNode.insertBefore(js, ajs);\r\n    }(document));\r\n<\/script>\n<\/div>\n\n\n\n\n<p><strong><span class=\"has-inline-color has-black-color\">NB: Les commentaires de vos r\u00e9sultats sont factur\u00e9s \u00e0 1Euro.  Cliquez <\/span><a href=\"https:\/\/wa.me\/+22899924341\"><span class=\"has-inline-color has-vivid-red-color\">ici<\/span><\/a><span class=\"has-inline-color has-black-color\"> pour effectuer votre paiement afin d&rsquo;obtenir votre mot de passe.<\/span><\/strong><\/p>\n\n<div style=\"font-size: 0px; height: 0px; line-height: 0px; margin: 0; padding: 0; clear: both;\"><\/div>","protected":false},"excerpt":{"rendered":"<p>Calcul de votre score 1a=3 1b=2 1c=1 2a=1 2b=3 2c=2<\/p>\n","protected":false},"author":122,"featured_media":0,"parent":0,"menu_order":0,"comment_status":"closed","ping_status":"closed","template":"","meta":{"jetpack_post_was_ever_published":false,"footnotes":""},"class_list":["post-1026","page","type-page","status-publish","hentry"],"jetpack_sharing_enabled":true,"jetpack_likes_enabled":true,"_links":{"self":[{"href":"https:\/\/monpsychomag.com\/index.php\/wp-json\/wp\/v2\/pages\/1026","targetHints":{"allow":["GET"]}}],"collection":[{"href":"https:\/\/monpsychomag.com\/index.php\/wp-json\/wp\/v2\/pages"}],"about":[{"href":"https:\/\/monpsychomag.com\/index.php\/wp-json\/wp\/v2\/types\/page"}],"author":[{"embeddable":true,"href":"https:\/\/monpsychomag.com\/index.php\/wp-json\/wp\/v2\/users\/122"}],"replies":[{"embeddable":true,"href":"https:\/\/monpsychomag.com\/index.php\/wp-json\/wp\/v2\/comments?post=1026"}],"version-history":[{"count":8,"href":"https:\/\/monpsychomag.com\/index.php\/wp-json\/wp\/v2\/pages\/1026\/revisions"}],"predecessor-version":[{"id":1067,"href":"https:\/\/monpsychomag.com\/index.php\/wp-json\/wp\/v2\/pages\/1026\/revisions\/1067"}],"wp:attachment":[{"href":"https:\/\/monpsychomag.com\/index.php\/wp-json\/wp\/v2\/media?parent=1026"}],"curies":[{"name":"wp","href":"https:\/\/api.w.org\/{rel}","templated":true}]}}